{"id":486,"date":"2019-02-11T09:08:47","date_gmt":"2019-02-11T08:08:47","guid":{"rendered":"http:\/\/www.le-cufe.judo-universite-grenoble.fr\/?page_id=486"},"modified":"2025-10-29T21:39:51","modified_gmt":"2025-10-29T20:39:51","slug":"double-reussite","status":"publish","type":"page","link":"https:\/\/www.le-cufe.judo-universite-grenoble.fr\/index.php\/double-reussite\/","title":{"rendered":"Double r\u00e9ussite"},"content":{"rendered":"\t\t<div data-elementor-type=\"wp-post\" data-elementor-id=\"486\" class=\"elementor elementor-486\">\n\t\t\t\t\t\t<section class=\"elementor-section elementor-top-section elementor-element elementor-element-2501d12 elementor-section-boxed elementor-section-height-default elementor-section-height-default\" data-id=\"2501d12\" data-element_type=\"section\" data-e-type=\"section\">\n\t\t\t\t\t\t<div class=\"elementor-container elementor-column-gap-default\">\n\t\t\t\t\t<div class=\"elementor-column elementor-col-33 elementor-top-column elementor-element elementor-element-821af08\" data-id=\"821af08\" data-element_type=\"column\" data-e-type=\"column\">\n\t\t\t<div class=\"elementor-widget-wrap elementor-element-populated\">\n\t\t\t\t\t\t<div class=\"elementor-element elementor-element-193ea08 elementor-widget elementor-widget-text-editor\" data-id=\"193ea08\" data-element_type=\"widget\" data-e-type=\"widget\" data-widget_type=\"text-editor.default\">\n\t\t\t\t<div class=\"elementor-widget-container\">\n\t\t\t\t\t\t\t\t\t<h1><strong>Lilian BARREYRE<\/strong><\/h1>\t\t\t\t\t\t\t\t<\/div>\n\t\t\t\t<\/div>\n\t\t\t\t\t<\/div>\n\t\t<\/div>\n\t\t\t\t<div class=\"elementor-column elementor-col-33 elementor-top-column elementor-element elementor-element-af73532\" data-id=\"af73532\" data-element_type=\"column\" data-e-type=\"column\">\n\t\t\t<div class=\"elementor-widget-wrap elementor-element-populated\">\n\t\t\t\t\t\t<div class=\"elementor-element elementor-element-4a5dd31 elementor-widget elementor-widget-image\" data-id=\"4a5dd31\" data-element_type=\"widget\" data-e-type=\"widget\" data-widget_type=\"image.default\">\n\t\t\t\t<div class=\"elementor-widget-container\">\n\t\t\t\t\t\t\t\t\t\t\t\t\t\t\t<img fetchpriority=\"high\" decoding=\"async\" width=\"300\" height=\"200\" src=\"https:\/\/www.le-cufe.judo-universite-grenoble.fr\/wp-content\/uploads\/2019\/03\/Lilian-Barreyre-en-dedicaces-300x200.jpg\" class=\"attachment-medium size-medium wp-image-629\" alt=\"\" srcset=\"https:\/\/www.le-cufe.judo-universite-grenoble.fr\/wp-content\/uploads\/2019\/03\/Lilian-Barreyre-en-dedicaces-300x200.jpg 300w, https:\/\/www.le-cufe.judo-universite-grenoble.fr\/wp-content\/uploads\/2019\/03\/Lilian-Barreyre-en-dedicaces-768x512.jpg 768w, https:\/\/www.le-cufe.judo-universite-grenoble.fr\/wp-content\/uploads\/2019\/03\/Lilian-Barreyre-en-dedicaces.jpg 800w\" sizes=\"(max-width: 300px) 100vw, 300px\" \/>\t\t\t\t\t\t\t\t\t\t\t\t\t\t\t<\/div>\n\t\t\t\t<\/div>\n\t\t\t\t\t<\/div>\n\t\t<\/div>\n\t\t\t\t<div class=\"elementor-column elementor-col-33 elementor-top-column elementor-element elementor-element-46abd6c\" data-id=\"46abd6c\" data-element_type=\"column\" data-e-type=\"column\">\n\t\t\t<div class=\"elementor-widget-wrap elementor-element-populated\">\n\t\t\t\t\t\t<div class=\"elementor-element elementor-element-fb62385 elementor-widget elementor-widget-image\" data-id=\"fb62385\" data-element_type=\"widget\" data-e-type=\"widget\" data-widget_type=\"image.default\">\n\t\t\t\t<div class=\"elementor-widget-container\">\n\t\t\t\t\t\t\t\t\t\t\t\t\t\t\t<img decoding=\"async\" width=\"300\" height=\"199\" src=\"https:\/\/www.le-cufe.judo-universite-grenoble.fr\/wp-content\/uploads\/2019\/03\/2012-france-300x199.jpg\" class=\"attachment-medium size-medium wp-image-630\" alt=\"\" srcset=\"https:\/\/www.le-cufe.judo-universite-grenoble.fr\/wp-content\/uploads\/2019\/03\/2012-france-300x199.jpg 300w, https:\/\/www.le-cufe.judo-universite-grenoble.fr\/wp-content\/uploads\/2019\/03\/2012-france.jpg 602w\" sizes=\"(max-width: 300px) 100vw, 300px\" \/>\t\t\t\t\t\t\t\t\t\t\t\t\t\t\t<\/div>\n\t\t\t\t<\/div>\n\t\t\t\t\t<\/div>\n\t\t<\/div>\n\t\t\t\t\t<\/div>\n\t\t<\/section>\n\t\t\t\t<section class=\"elementor-section elementor-top-section elementor-element elementor-element-63e38c3 elementor-section-boxed elementor-section-height-default elementor-section-height-default\" data-id=\"63e38c3\" data-element_type=\"section\" data-e-type=\"section\">\n\t\t\t\t\t\t<div class=\"elementor-container elementor-column-gap-default\">\n\t\t\t\t\t<div class=\"elementor-column elementor-col-100 elementor-top-column elementor-element elementor-element-7dd1ef6\" data-id=\"7dd1ef6\" data-element_type=\"column\" data-e-type=\"column\">\n\t\t\t<div class=\"elementor-widget-wrap elementor-element-populated\">\n\t\t\t\t\t\t<div class=\"elementor-element elementor-element-9cf3aa2 elementor-widget elementor-widget-text-editor\" data-id=\"9cf3aa2\" data-element_type=\"widget\" data-e-type=\"widget\" data-widget_type=\"text-editor.default\">\n\t\t\t\t<div class=\"elementor-widget-container\">\n\t\t\t\t\t\t\t\t\t<p><strong>parcours sportif :<\/strong><\/p>\n<ul>\n<li>Podium Championnat de France 2\u00e8me Division et 1\u00e8re Division<\/li>\n<li>Podium Championnat de France Universitaire<\/li>\n<li>International S\u00e9nior<\/li>\n<\/ul>\n<ul>\n<li>Diplome d\u2019Etat Sup\u00e9rieur d\u2019Educateur Sportif<\/li>\n<\/ul>\n<p><strong>parcours professionnel :<\/strong><\/p>\n<ul>\n<li>Parcours universitaire au sein de l\u2019IUT de l\u2019UPMF et de l\u2019US<\/li>\n<li>Pr\u00e9paration au Professorat de sport<\/li>\n<li>Actuellement Cadre Technique Sportif au sein de la F.F.J. et Responsable des fili\u00e8res de haut niveau de France Judo<br><\/li>\n<\/ul>\t\t\t\t\t\t\t\t<\/div>\n\t\t\t\t<\/div>\n\t\t\t\t\t<\/div>\n\t\t<\/div>\n\t\t\t\t\t<\/div>\n\t\t<\/section>\n\t\t\t\t<section class=\"elementor-section elementor-top-section elementor-element elementor-element-d530f87 elementor-section-boxed elementor-section-height-default elementor-section-height-default\" data-id=\"d530f87\" data-element_type=\"section\" data-e-type=\"section\">\n\t\t\t\t\t\t<div class=\"elementor-container elementor-column-gap-default\">\n\t\t\t\t\t<div class=\"elementor-column elementor-col-33 elementor-top-column elementor-element elementor-element-2622004\" data-id=\"2622004\" data-element_type=\"column\" data-e-type=\"column\">\n\t\t\t<div class=\"elementor-widget-wrap elementor-element-populated\">\n\t\t\t\t\t\t<div class=\"elementor-element elementor-element-1e24e35 elementor-widget elementor-widget-text-editor\" data-id=\"1e24e35\" data-element_type=\"widget\" data-e-type=\"widget\" data-widget_type=\"text-editor.default\">\n\t\t\t\t<div class=\"elementor-widget-container\">\n\t\t\t\t\t\t\t\t\t<h1><strong>Renaud MIKLER<br \/><\/strong><\/h1>\t\t\t\t\t\t\t\t<\/div>\n\t\t\t\t<\/div>\n\t\t\t\t\t<\/div>\n\t\t<\/div>\n\t\t\t\t<div class=\"elementor-column elementor-col-33 elementor-top-column elementor-element elementor-element-197d7bb\" data-id=\"197d7bb\" data-element_type=\"column\" data-e-type=\"column\">\n\t\t\t<div class=\"elementor-widget-wrap elementor-element-populated\">\n\t\t\t\t\t\t<div class=\"elementor-element elementor-element-cdda388 elementor-widget elementor-widget-image\" data-id=\"cdda388\" data-element_type=\"widget\" data-e-type=\"widget\" data-widget_type=\"image.default\">\n\t\t\t\t<div class=\"elementor-widget-container\">\n\t\t\t\t\t\t\t\t\t\t\t\t\t\t\t<img decoding=\"async\" width=\"300\" height=\"225\" src=\"https:\/\/www.le-cufe.judo-universite-grenoble.fr\/wp-content\/uploads\/2019\/03\/P6092985-300x225.jpg\" class=\"attachment-medium size-medium wp-image-628\" alt=\"\" srcset=\"https:\/\/www.le-cufe.judo-universite-grenoble.fr\/wp-content\/uploads\/2019\/03\/P6092985-300x225.jpg 300w, https:\/\/www.le-cufe.judo-universite-grenoble.fr\/wp-content\/uploads\/2019\/03\/P6092985-768x576.jpg 768w, https:\/\/www.le-cufe.judo-universite-grenoble.fr\/wp-content\/uploads\/2019\/03\/P6092985-1024x768.jpg 1024w\" sizes=\"(max-width: 300px) 100vw, 300px\" \/>\t\t\t\t\t\t\t\t\t\t\t\t\t\t\t<\/div>\n\t\t\t\t<\/div>\n\t\t\t\t\t<\/div>\n\t\t<\/div>\n\t\t\t\t<div class=\"elementor-column elementor-col-33 elementor-top-column elementor-element elementor-element-98d89c2\" data-id=\"98d89c2\" data-element_type=\"column\" data-e-type=\"column\">\n\t\t\t<div class=\"elementor-widget-wrap elementor-element-populated\">\n\t\t\t\t\t\t<div class=\"elementor-element elementor-element-56699ac elementor-widget elementor-widget-image\" data-id=\"56699ac\" data-element_type=\"widget\" data-e-type=\"widget\" data-widget_type=\"image.default\">\n\t\t\t\t<div class=\"elementor-widget-container\">\n\t\t\t\t\t\t\t\t\t\t\t\t\t\t\t<img loading=\"lazy\" decoding=\"async\" width=\"307\" height=\"230\" src=\"https:\/\/www.le-cufe.judo-universite-grenoble.fr\/wp-content\/uploads\/2019\/03\/RenaudMIKLERprofessionel.jpeg\" class=\"attachment-full size-full wp-image-633\" alt=\"\" srcset=\"https:\/\/www.le-cufe.judo-universite-grenoble.fr\/wp-content\/uploads\/2019\/03\/RenaudMIKLERprofessionel.jpeg 307w, https:\/\/www.le-cufe.judo-universite-grenoble.fr\/wp-content\/uploads\/2019\/03\/RenaudMIKLERprofessionel-300x225.jpeg 300w\" sizes=\"(max-width: 307px) 100vw, 307px\" \/>\t\t\t\t\t\t\t\t\t\t\t\t\t\t\t<\/div>\n\t\t\t\t<\/div>\n\t\t\t\t\t<\/div>\n\t\t<\/div>\n\t\t\t\t\t<\/div>\n\t\t<\/section>\n\t\t\t\t<section class=\"elementor-section elementor-top-section elementor-element elementor-element-c066178 elementor-section-boxed elementor-section-height-default elementor-section-height-default\" data-id=\"c066178\" data-element_type=\"section\" data-e-type=\"section\">\n\t\t\t\t\t\t<div class=\"elementor-container elementor-column-gap-default\">\n\t\t\t\t\t<div class=\"elementor-column elementor-col-100 elementor-top-column elementor-element elementor-element-325135a\" data-id=\"325135a\" data-element_type=\"column\" data-e-type=\"column\">\n\t\t\t<div class=\"elementor-widget-wrap elementor-element-populated\">\n\t\t\t\t\t\t<div class=\"elementor-element elementor-element-3bf3295 elementor-widget elementor-widget-text-editor\" data-id=\"3bf3295\" data-element_type=\"widget\" data-e-type=\"widget\" data-widget_type=\"text-editor.default\">\n\t\t\t\t<div class=\"elementor-widget-container\">\n\t\t\t\t\t\t\t\t\t<p><strong>parcours sportif :<\/strong><\/p>\n<ul>\n<li>Podium Championnat de France Junior \u2013 International Junior<\/li>\n<li>Champion de France Universitaire<\/li>\n<li>Champion de France S\u00e9nior 2\u00e8me division<\/li>\n<\/ul>\n<ul>\n<li>Diplome d\u2019Etat d\u2019Educateur Sportif<\/li>\n<\/ul>\n<p><strong>parcours professionnel :<\/strong><\/p>\n<ul>\n<li>Classe Pr\u00e9paratoire \u00e0 Grenoble-INP<\/li>\n<li>Ecole d\u2019ing\u00e9nieur \u00e0 Grenoble-INP<\/li>\n<li>Actuellement ing\u00e9nieur et chef de projet \u00e0 Schneider Electric sur l\u2019agglom\u00e9ration grenobloise<\/li>\n<li>Entraineur des Cadet(te)s du Pole France de Grenoble<\/li>\n<\/ul>\t\t\t\t\t\t\t\t<\/div>\n\t\t\t\t<\/div>\n\t\t\t\t\t<\/div>\n\t\t<\/div>\n\t\t\t\t\t<\/div>\n\t\t<\/section>\n\t\t\t\t<section class=\"elementor-section elementor-top-section elementor-element elementor-element-54db14e elementor-section-boxed elementor-section-height-default elementor-section-height-default\" data-id=\"54db14e\" data-element_type=\"section\" data-e-type=\"section\">\n\t\t\t\t\t\t<div class=\"elementor-container elementor-column-gap-default\">\n\t\t\t\t\t<div class=\"elementor-column elementor-col-33 elementor-top-column elementor-element elementor-element-30edac1\" data-id=\"30edac1\" data-element_type=\"column\" data-e-type=\"column\">\n\t\t\t<div class=\"elementor-widget-wrap elementor-element-populated\">\n\t\t\t\t\t\t<div class=\"elementor-element elementor-element-4817286 elementor-widget elementor-widget-text-editor\" data-id=\"4817286\" data-element_type=\"widget\" data-e-type=\"widget\" data-widget_type=\"text-editor.default\">\n\t\t\t\t<div class=\"elementor-widget-container\">\n\t\t\t\t\t\t\t\t\t<h1><strong>Isabelle VIVODTZEV<br \/><\/strong><\/h1>\t\t\t\t\t\t\t\t<\/div>\n\t\t\t\t<\/div>\n\t\t\t\t\t<\/div>\n\t\t<\/div>\n\t\t\t\t<div class=\"elementor-column elementor-col-33 elementor-top-column elementor-element elementor-element-f8c36b8\" data-id=\"f8c36b8\" data-element_type=\"column\" data-e-type=\"column\">\n\t\t\t<div class=\"elementor-widget-wrap elementor-element-populated\">\n\t\t\t\t\t\t<div class=\"elementor-element elementor-element-85f6ca1 elementor-widget elementor-widget-image\" data-id=\"85f6ca1\" data-element_type=\"widget\" data-e-type=\"widget\" data-widget_type=\"image.default\">\n\t\t\t\t<div class=\"elementor-widget-container\">\n\t\t\t\t\t\t\t\t\t\t\t\t\t\t\t<img loading=\"lazy\" decoding=\"async\" width=\"300\" height=\"225\" src=\"https:\/\/www.le-cufe.judo-universite-grenoble.fr\/wp-content\/uploads\/2019\/03\/IMG_5441-300x225.jpg\" class=\"attachment-medium size-medium wp-image-626\" alt=\"\" srcset=\"https:\/\/www.le-cufe.judo-universite-grenoble.fr\/wp-content\/uploads\/2019\/03\/IMG_5441-300x225.jpg 300w, https:\/\/www.le-cufe.judo-universite-grenoble.fr\/wp-content\/uploads\/2019\/03\/IMG_5441-768x576.jpg 768w, https:\/\/www.le-cufe.judo-universite-grenoble.fr\/wp-content\/uploads\/2019\/03\/IMG_5441-1024x768.jpg 1024w, https:\/\/www.le-cufe.judo-universite-grenoble.fr\/wp-content\/uploads\/2019\/03\/IMG_5441.jpg 1600w\" sizes=\"(max-width: 300px) 100vw, 300px\" \/>\t\t\t\t\t\t\t\t\t\t\t\t\t\t\t<\/div>\n\t\t\t\t<\/div>\n\t\t\t\t\t<\/div>\n\t\t<\/div>\n\t\t\t\t<div class=\"elementor-column elementor-col-33 elementor-top-column elementor-element elementor-element-cd902cf\" data-id=\"cd902cf\" data-element_type=\"column\" data-e-type=\"column\">\n\t\t\t<div class=\"elementor-widget-wrap elementor-element-populated\">\n\t\t\t\t\t\t<div class=\"elementor-element elementor-element-cd41ea8 elementor-widget elementor-widget-image\" data-id=\"cd41ea8\" data-element_type=\"widget\" data-e-type=\"widget\" data-widget_type=\"image.default\">\n\t\t\t\t<div class=\"elementor-widget-container\">\n\t\t\t\t\t\t\t\t\t\t\t\t\t\t\t<img loading=\"lazy\" decoding=\"async\" width=\"1024\" height=\"768\" src=\"https:\/\/www.le-cufe.judo-universite-grenoble.fr\/wp-content\/uploads\/2019\/03\/IMG_0584-1024x768.jpg\" class=\"attachment-large size-large wp-image-625\" alt=\"\" srcset=\"https:\/\/www.le-cufe.judo-universite-grenoble.fr\/wp-content\/uploads\/2019\/03\/IMG_0584-1024x768.jpg 1024w, https:\/\/www.le-cufe.judo-universite-grenoble.fr\/wp-content\/uploads\/2019\/03\/IMG_0584-300x225.jpg 300w, https:\/\/www.le-cufe.judo-universite-grenoble.fr\/wp-content\/uploads\/2019\/03\/IMG_0584-768x576.jpg 768w\" sizes=\"(max-width: 1024px) 100vw, 1024px\" \/>\t\t\t\t\t\t\t\t\t\t\t\t\t\t\t<\/div>\n\t\t\t\t<\/div>\n\t\t\t\t\t<\/div>\n\t\t<\/div>\n\t\t\t\t\t<\/div>\n\t\t<\/section>\n\t\t\t\t<section class=\"elementor-section elementor-top-section elementor-element elementor-element-b2b4f19 elementor-section-boxed elementor-section-height-default elementor-section-height-default\" data-id=\"b2b4f19\" data-element_type=\"section\" data-e-type=\"section\">\n\t\t\t\t\t\t<div class=\"elementor-container elementor-column-gap-default\">\n\t\t\t\t\t<div class=\"elementor-column elementor-col-100 elementor-top-column elementor-element elementor-element-070c410\" data-id=\"070c410\" data-element_type=\"column\" data-e-type=\"column\">\n\t\t\t<div class=\"elementor-widget-wrap elementor-element-populated\">\n\t\t\t\t\t\t<div class=\"elementor-element elementor-element-bf9e8c9 elementor-widget elementor-widget-text-editor\" data-id=\"bf9e8c9\" data-element_type=\"widget\" data-e-type=\"widget\" data-widget_type=\"text-editor.default\">\n\t\t\t\t<div class=\"elementor-widget-container\">\n\t\t\t\t\t\t\t\t\t<p><strong>parcours sportif :<\/strong><\/p><ul><li>Podium Championnat de France 1\u00e8re Division<\/li><li>Podium Championnat de France Universitaire<\/li><li>Internationale s\u00e9nior, podiums sur les tournois internationaux<\/li><\/ul><ul><li>Diplome d\u2019Etat d\u2019Educateur Sportif<\/li><\/ul><p><strong>parcours professionnel :<\/strong><\/p><ul><li>Parcours universitaire au sein de l\u2019U.F.R.A.P.S. de l\u2019Universit\u00e9 Joseph Fourier de Grenoble<\/li><li>Doctorat en physiologie S.T.A.P.S. \u00ab Dysfonction musculaire et entra\u00eenement \u00e0 l\u2019effort chez les patients atteints de pathologies cardio-respiratoires chroniques\u00bb<\/li><li>Post Doctorat \u00e0 l\u2019H\u00f4pital de Laval (Qu\u00e9bec)<\/li><li>Chercheure \u00e0 Harvard Medical School (Cambridge)<\/li><li>Actuellement Chercheure INSERM \u00e0 la Sorbonne Universit\u00e9, nombreuses publications et distinctions obtenues<\/li><\/ul>\t\t\t\t\t\t\t\t<\/div>\n\t\t\t\t<\/div>\n\t\t\t\t\t<\/div>\n\t\t<\/div>\n\t\t\t\t\t<\/div>\n\t\t<\/section>\n\t\t\t\t<section class=\"elementor-section elementor-top-section elementor-element elementor-element-d0de955 elementor-section-boxed elementor-section-height-default elementor-section-height-default\" data-id=\"d0de955\" data-element_type=\"section\" data-e-type=\"section\">\n\t\t\t\t\t\t<div class=\"elementor-container elementor-column-gap-default\">\n\t\t\t\t\t<div class=\"elementor-column elementor-col-50 elementor-top-column elementor-element elementor-element-80e7b41\" data-id=\"80e7b41\" data-element_type=\"column\" data-e-type=\"column\">\n\t\t\t<div class=\"elementor-widget-wrap elementor-element-populated\">\n\t\t\t\t\t\t<div class=\"elementor-element elementor-element-e4765f6 elementor-widget elementor-widget-text-editor\" data-id=\"e4765f6\" data-element_type=\"widget\" data-e-type=\"widget\" data-widget_type=\"text-editor.default\">\n\t\t\t\t<div class=\"elementor-widget-container\">\n\t\t\t\t\t\t\t\t\t<h1><strong>Corinne CUCCHIARA<br \/><\/strong><\/h1><p>\u00a0<\/p>\t\t\t\t\t\t\t\t<\/div>\n\t\t\t\t<\/div>\n\t\t\t\t\t<\/div>\n\t\t<\/div>\n\t\t\t\t<div class=\"elementor-column elementor-col-50 elementor-top-column elementor-element elementor-element-a244b9f\" data-id=\"a244b9f\" data-element_type=\"column\" data-e-type=\"column\">\n\t\t\t<div class=\"elementor-widget-wrap elementor-element-populated\">\n\t\t\t\t\t\t<div class=\"elementor-element elementor-element-2d58d79 elementor-widget elementor-widget-image\" data-id=\"2d58d79\" data-element_type=\"widget\" data-e-type=\"widget\" data-widget_type=\"image.default\">\n\t\t\t\t<div class=\"elementor-widget-container\">\n\t\t\t\t\t\t\t\t\t\t\t\t\t\t\t<img loading=\"lazy\" decoding=\"async\" width=\"181\" height=\"211\" src=\"https:\/\/www.le-cufe.judo-universite-grenoble.fr\/wp-content\/uploads\/2019\/03\/Cucchiara.jpg\" class=\"attachment-large size-large wp-image-635\" alt=\"\" \/>\t\t\t\t\t\t\t\t\t\t\t\t\t\t\t<\/div>\n\t\t\t\t<\/div>\n\t\t\t\t\t<\/div>\n\t\t<\/div>\n\t\t\t\t\t<\/div>\n\t\t<\/section>\n\t\t\t\t<section class=\"elementor-section elementor-top-section elementor-element elementor-element-2f24316 elementor-section-boxed elementor-section-height-default elementor-section-height-default\" data-id=\"2f24316\" data-element_type=\"section\" data-e-type=\"section\">\n\t\t\t\t\t\t<div class=\"elementor-container elementor-column-gap-default\">\n\t\t\t\t\t<div class=\"elementor-column elementor-col-100 elementor-top-column elementor-element elementor-element-0870165\" data-id=\"0870165\" data-element_type=\"column\" data-e-type=\"column\">\n\t\t\t<div class=\"elementor-widget-wrap elementor-element-populated\">\n\t\t\t\t\t\t<div class=\"elementor-element elementor-element-d6e29ab elementor-widget elementor-widget-text-editor\" data-id=\"d6e29ab\" data-element_type=\"widget\" data-e-type=\"widget\" data-widget_type=\"text-editor.default\">\n\t\t\t\t<div class=\"elementor-widget-container\">\n\t\t\t\t\t\t\t\t\t<p><strong>parcours sportif :<\/strong><\/p><ul><li>5\u00e8me et 3\u00e8me au Championnat de France 1\u00e8re Division \u2013 International S\u00e9nior<\/li><li>Championne d\u2019Europe et du Monde V\u00e9t\u00e9rans<\/li><\/ul><ul><li>Diplome d\u2019Etat d\u2019Educateur Sportif<\/li><li>Professeur du club Alpes Judo Fontaine<\/li><li>CN 4\u00e8me dan<\/li><li>Arbitre Continental<\/li><\/ul><p><strong>parcours professionnel :<\/strong><\/p><ul><li>Parcours universitaire au sein de l\u2019U.F.R.A.P.S. de l\u2019Universit\u00e9 Joseph Fourier de Grenoble<\/li><li>Actuellement Educatrice Sportive sur la ville de Fontaine<\/li><li>Membre du Conseil d&rsquo;Administration de France Judo<\/li><\/ul>\t\t\t\t\t\t\t\t<\/div>\n\t\t\t\t<\/div>\n\t\t\t\t\t<\/div>\n\t\t<\/div>\n\t\t\t\t\t<\/div>\n\t\t<\/section>\n\t\t\t\t<\/div>\n\t\t","protected":false},"excerpt":{"rendered":"<p>Lilian BARREYRE parcours sportif : Podium Championnat de France 2\u00e8me Division et 1\u00e8re Division Podium Championnat de France Universitaire International S\u00e9nior Diplome d\u2019Etat Sup\u00e9rieur d\u2019Educateur Sportif parcours professionnel : Parcours universitaire au sein de l\u2019IUT de l\u2019UPMF et de l\u2019US Pr\u00e9paration au Professorat de sport Actuellement Cadre Technique Sportif au sein de la F.F.J. et [&hellip;]<\/p>\n","protected":false},"author":1,"featured_media":0,"parent":0,"menu_order":0,"comment_status":"closed","ping_status":"closed","template":"","meta":{"ocean_post_layout":"","ocean_both_sidebars_style":"","ocean_both_sidebars_content_width":0,"ocean_both_sidebars_sidebars_width":0,"ocean_sidebar":"0","ocean_second_sidebar":"0","ocean_disable_margins":"enable","ocean_add_body_class":"","ocean_shortcode_before_top_bar":"","ocean_shortcode_after_top_bar":"","ocean_shortcode_before_header":"","ocean_shortcode_after_header":"","ocean_has_shortcode":"","ocean_shortcode_after_title":"","ocean_shortcode_before_footer_widgets":"","ocean_shortcode_after_footer_widgets":"","ocean_shortcode_before_footer_bottom":"","ocean_shortcode_after_footer_bottom":"","ocean_display_top_bar":"default","ocean_display_header":"default","ocean_header_style":"","ocean_center_header_left_menu":"0","ocean_custom_header_template":"0","ocean_custom_logo":0,"ocean_custom_retina_logo":0,"ocean_custom_logo_max_width":0,"ocean_custom_logo_tablet_max_width":0,"ocean_custom_logo_mobile_max_width":0,"ocean_custom_logo_max_height":0,"ocean_custom_logo_tablet_max_height":0,"ocean_custom_logo_mobile_max_height":0,"ocean_header_custom_menu":"0","ocean_menu_typo_font_family":"0","ocean_menu_typo_font_subset":"","ocean_menu_typo_font_size":0,"ocean_menu_typo_font_size_tablet":0,"ocean_menu_typo_font_size_mobile":0,"ocean_menu_typo_font_size_unit":"px","ocean_menu_typo_font_weight":"","ocean_menu_typo_font_weight_tablet":"","ocean_menu_typo_font_weight_mobile":"","ocean_menu_typo_transform":"","ocean_menu_typo_transform_tablet":"","ocean_menu_typo_transform_mobile":"","ocean_menu_typo_line_height":0,"ocean_menu_typo_line_height_tablet":0,"ocean_menu_typo_line_height_mobile":0,"ocean_menu_typo_line_height_unit":"","ocean_menu_typo_spacing":0,"ocean_menu_typo_spacing_tablet":0,"ocean_menu_typo_spacing_mobile":0,"ocean_menu_typo_spacing_unit":"","ocean_menu_link_color":"","ocean_menu_link_color_hover":"","ocean_menu_link_color_active":"","ocean_menu_link_background":"","ocean_menu_link_hover_background":"","ocean_menu_link_active_background":"","ocean_menu_social_links_bg":"","ocean_menu_social_hover_links_bg":"","ocean_menu_social_links_color":"","ocean_menu_social_hover_links_color":"","ocean_disable_title":"default","ocean_disable_heading":"default","ocean_post_title":"","ocean_post_subheading":"","ocean_post_title_style":"","ocean_post_title_background_color":"","ocean_post_title_background":0,"ocean_post_title_bg_image_position":"","ocean_post_title_bg_image_attachment":"","ocean_post_title_bg_image_repeat":"","ocean_post_title_bg_image_size":"","ocean_post_title_height":0,"ocean_post_title_bg_overlay":0.5,"ocean_post_title_bg_overlay_color":"","ocean_disable_breadcrumbs":"default","ocean_breadcrumbs_color":"","ocean_breadcrumbs_separator_color":"","ocean_breadcrumbs_links_color":"","ocean_breadcrumbs_links_hover_color":"","ocean_display_footer_widgets":"default","ocean_display_footer_bottom":"default","ocean_custom_footer_template":"0","footnotes":""},"class_list":["post-486","page","type-page","status-publish","hentry","entry"],"_links":{"self":[{"href":"https:\/\/www.le-cufe.judo-universite-grenoble.fr\/index.php\/wp-json\/wp\/v2\/pages\/486","targetHints":{"allow":["GET"]}}],"collection":[{"href":"https:\/\/www.le-cufe.judo-universite-grenoble.fr\/index.php\/wp-json\/wp\/v2\/pages"}],"about":[{"href":"https:\/\/www.le-cufe.judo-universite-grenoble.fr\/index.php\/wp-json\/wp\/v2\/types\/page"}],"author":[{"embeddable":true,"href":"https:\/\/www.le-cufe.judo-universite-grenoble.fr\/index.php\/wp-json\/wp\/v2\/users\/1"}],"replies":[{"embeddable":true,"href":"https:\/\/www.le-cufe.judo-universite-grenoble.fr\/index.php\/wp-json\/wp\/v2\/comments?post=486"}],"version-history":[{"count":23,"href":"https:\/\/www.le-cufe.judo-universite-grenoble.fr\/index.php\/wp-json\/wp\/v2\/pages\/486\/revisions"}],"predecessor-version":[{"id":2560,"href":"https:\/\/www.le-cufe.judo-universite-grenoble.fr\/index.php\/wp-json\/wp\/v2\/pages\/486\/revisions\/2560"}],"wp:attachment":[{"href":"https:\/\/www.le-cufe.judo-universite-grenoble.fr\/index.php\/wp-json\/wp\/v2\/media?parent=486"}],"curies":[{"name":"wp","href":"https:\/\/api.w.org\/{rel}","templated":true}]}}