{"id":484,"date":"2019-02-11T09:08:35","date_gmt":"2019-02-11T08:08:35","guid":{"rendered":"http:\/\/www.le-cufe.judo-universite-grenoble.fr\/?page_id=484"},"modified":"2024-01-16T21:00:39","modified_gmt":"2024-01-16T20:00:39","slug":"statut-et-pre-inscription","status":"publish","type":"page","link":"https:\/\/www.le-cufe.judo-universite-grenoble.fr\/index.php\/statut-et-pre-inscription\/","title":{"rendered":"Statut et pr\u00e9-inscription"},"content":{"rendered":"\t\t<div data-elementor-type=\"wp-post\" data-elementor-id=\"484\" class=\"elementor elementor-484\">\n\t\t\t\t\t\t<section class=\"elementor-section elementor-top-section elementor-element elementor-element-be885cd elementor-section-boxed elementor-section-height-default elementor-section-height-default\" data-id=\"be885cd\" data-element_type=\"section\" data-e-type=\"section\">\n\t\t\t\t\t\t<div class=\"elementor-container elementor-column-gap-default\">\n\t\t\t\t\t<div class=\"elementor-column elementor-col-100 elementor-top-column elementor-element elementor-element-9c3b346\" data-id=\"9c3b346\" data-element_type=\"column\" data-e-type=\"column\">\n\t\t\t<div class=\"elementor-widget-wrap elementor-element-populated\">\n\t\t\t\t\t\t<div class=\"elementor-element elementor-element-7f8010b elementor-widget elementor-widget-text-editor\" data-id=\"7f8010b\" data-element_type=\"widget\" data-e-type=\"widget\" data-widget_type=\"text-editor.default\">\n\t\t\t\t<div class=\"elementor-widget-container\">\n\t\t\t\t\t\t\t\t\t<header><hgroup><h4><a title=\"Permalink to Inscription et Statut\" href=\"http:\/\/dev.judo-universite-grenoble.fr\/inscription\/\" rel=\"bookmark\">Inscription et Statut<\/a><\/h4><\/hgroup><\/header><section class=\"content\"><ul><li>Le statut d\u2019\u00c9tudiant Sportif de Haut Niveau implique des <b>droits<\/b> pour l\u2019\u00e9tudiant et obligatoirement le respect par l\u2019\u00e9tudiant des <b>devoirs<\/b> suivants :<ul><li><strong>\u00c9laborer un projet annuel ou pluriannuel de formation<\/strong>, en r\u00e9f\u00e9rence \u00e0 son projet d\u2019entra\u00eenement et de comp\u00e9tition, permettant d\u2019harmoniser ses objectifs universitaires et sportifs et d\u2019en d\u00e9finir les conditions de mise en \u0153uvre.<\/li><li>Repr\u00e9senter son universit\u00e9, notamment par l\u2019interm\u00e9diaire des comp\u00e9titions organis\u00e9es par la F\u00e9d\u00e9ration Fran\u00e7aise de Sport Universitaire ou de manifestations diverses organis\u00e9es par les Universit\u00e9s ou des instances ext\u00e9rieures.<\/li><\/ul><p>Il est \u00e9tablit en d\u00e9but de formation un<strong> Contrat Individuel de Scolarit\u00e9<\/strong> qui reprend le projet de formation de l\u2019\u00c9tudiant Sportif de Haut Niveau en relation avec son projet sportif<\/p><\/li><li>Les sportifs int\u00e9ress\u00e9s par cette aventure, doivent <strong>faire acte de candidature<\/strong> aupr\u00e8s d\u2019une des universit\u00e9s de Grenoble, dans la fili\u00e8re d\u2019\u00e9tude choisie. Lors de leur pr\u00e9 inscription durant g\u00e9n\u00e9ralement le mois de F\u00e9vrier : Bien remplir le dossier li\u00e9 au Statut d\u2019\u00e9tudiant sportif de haut niveau universitaire et leur possible int\u00e9gration au P\u00f4le France ou C.U.F.E. Judo de Grenoble.<\/li><\/ul><ul><li>Veuillez remplir le formulaire ci-dessous pour la <strong>demande d\u2019inscription au P\u00f4le France \/ C.U.F.E. Judo de Grenoble.<\/strong><\/li><\/ul><ul><li>Vous recevrez au d\u00e9but du mois de Juin, par courriel, l\u2019acceptation (ou non) de votre statut d\u2019un point de vue sportif (ceci est ind\u00e9pendant de votre acceptation \u00e0 l\u2019universit\u00e9 et cursus souhait\u00e9). La validation du dossier sportif est un pr\u00e9alable pour l\u2019obtention du statut de sportif de haut niveau universitaire<\/li><li>\u00a0<\/li><li><strong>ATTENTION<\/strong>. Pour les demandes au P\u00f4le France votre candidature doit se faire <strong>EN PARALL\u00c8LE<\/strong> sur le site de France Judo. Votre acceptation au P\u00f4le France d&rsquo;un point de vue sportif se fera par le biais de France Judo<\/li><\/ul><\/section>\t\t\t\t\t\t\t\t<\/div>\n\t\t\t\t<\/div>\n\t\t\t\t\t<\/div>\n\t\t<\/div>\n\t\t\t\t\t<\/div>\n\t\t<\/section>\n\t\t\t\t<section class=\"elementor-section elementor-top-section elementor-element elementor-element-530cb36 elementor-section-boxed elementor-section-height-default elementor-section-height-default\" data-id=\"530cb36\" data-element_type=\"section\" data-e-type=\"section\">\n\t\t\t\t\t\t<div class=\"elementor-container elementor-column-gap-default\">\n\t\t\t\t\t<div class=\"elementor-column elementor-col-100 elementor-top-column elementor-element elementor-element-077f86e\" data-id=\"077f86e\" data-element_type=\"column\" data-e-type=\"column\">\n\t\t\t<div class=\"elementor-widget-wrap\">\n\t\t\t\t\t\t\t<\/div>\n\t\t<\/div>\n\t\t\t\t\t<\/div>\n\t\t<\/section>\n\t\t\t\t<section class=\"elementor-section elementor-top-section elementor-element elementor-element-6a9d593 elementor-section-boxed elementor-section-height-default elementor-section-height-default\" data-id=\"6a9d593\" data-element_type=\"section\" data-e-type=\"section\">\n\t\t\t\t\t\t<div class=\"elementor-container elementor-column-gap-default\">\n\t\t\t\t\t<div class=\"elementor-column elementor-col-100 elementor-top-column elementor-element elementor-element-8ffffd0\" data-id=\"8ffffd0\" data-element_type=\"column\" data-e-type=\"column\">\n\t\t\t<div class=\"elementor-widget-wrap elementor-element-populated\">\n\t\t\t\t\t\t<div class=\"elementor-element elementor-element-a52cb93 elementor-widget elementor-widget-html\" data-id=\"a52cb93\" data-element_type=\"widget\" data-e-type=\"widget\" data-widget_type=\"html.default\">\n\t\t\t\t<div class=\"elementor-widget-container\">\n\t\t\t\t\t<iframe src=\"https:\/\/docs.google.com\/forms\/d\/e\/1FAIpQLSe4i9uCK5ogaaCoJqs6fMQlxZGEp3vcNq-WjHlH0iYQq-6UIg\/viewform?embedded=true\" width=\"640\" height=\"3545\" frameborder=\"0\" marginheight=\"0\" marginwidth=\"0\">Loading...<\/iframe>\t\t\t\t<\/div>\n\t\t\t\t<\/div>\n\t\t\t\t\t<\/div>\n\t\t<\/div>\n\t\t\t\t\t<\/div>\n\t\t<\/section>\n\t\t\t\t<\/div>\n\t\t","protected":false},"excerpt":{"rendered":"<p>Inscription et Statut Le statut d\u2019\u00c9tudiant Sportif de Haut Niveau implique des droits pour l\u2019\u00e9tudiant et obligatoirement le respect par l\u2019\u00e9tudiant des devoirs suivants : \u00c9laborer un projet annuel ou pluriannuel de formation, en r\u00e9f\u00e9rence \u00e0 son projet d\u2019entra\u00eenement et de comp\u00e9tition, permettant d\u2019harmoniser ses objectifs universitaires et sportifs et d\u2019en d\u00e9finir les conditions de [&hellip;]<\/p>\n","protected":false},"author":1,"featured_media":0,"parent":0,"menu_order":0,"comment_status":"closed","ping_status":"closed","template":"","meta":{"ocean_post_layout":"","ocean_both_sidebars_style":"","ocean_both_sidebars_content_width":0,"ocean_both_sidebars_sidebars_width":0,"ocean_sidebar":"0","ocean_second_sidebar":"0","ocean_disable_margins":"enable","ocean_add_body_class":"","ocean_shortcode_before_top_bar":"","ocean_shortcode_after_top_bar":"","ocean_shortcode_before_header":"","ocean_shortcode_after_header":"","ocean_has_shortcode":"","ocean_shortcode_after_title":"","ocean_shortcode_before_footer_widgets":"","ocean_shortcode_after_footer_widgets":"","ocean_shortcode_before_footer_bottom":"","ocean_shortcode_after_footer_bottom":"","ocean_display_top_bar":"default","ocean_display_header":"default","ocean_header_style":"","ocean_center_header_left_menu":"0","ocean_custom_header_template":"0","ocean_custom_logo":0,"ocean_custom_retina_logo":0,"ocean_custom_logo_max_width":0,"ocean_custom_logo_tablet_max_width":0,"ocean_custom_logo_mobile_max_width":0,"ocean_custom_logo_max_height":0,"ocean_custom_logo_tablet_max_height":0,"ocean_custom_logo_mobile_max_height":0,"ocean_header_custom_menu":"0","ocean_menu_typo_font_family":"0","ocean_menu_typo_font_subset":"","ocean_menu_typo_font_size":0,"ocean_menu_typo_font_size_tablet":0,"ocean_menu_typo_font_size_mobile":0,"ocean_menu_typo_font_size_unit":"px","ocean_menu_typo_font_weight":"","ocean_menu_typo_font_weight_tablet":"","ocean_menu_typo_font_weight_mobile":"","ocean_menu_typo_transform":"","ocean_menu_typo_transform_tablet":"","ocean_menu_typo_transform_mobile":"","ocean_menu_typo_line_height":0,"ocean_menu_typo_line_height_tablet":0,"ocean_menu_typo_line_height_mobile":0,"ocean_menu_typo_line_height_unit":"","ocean_menu_typo_spacing":0,"ocean_menu_typo_spacing_tablet":0,"ocean_menu_typo_spacing_mobile":0,"ocean_menu_typo_spacing_unit":"","ocean_menu_link_color":"","ocean_menu_link_color_hover":"","ocean_menu_link_color_active":"","ocean_menu_link_background":"","ocean_menu_link_hover_background":"","ocean_menu_link_active_background":"","ocean_menu_social_links_bg":"","ocean_menu_social_hover_links_bg":"","ocean_menu_social_links_color":"","ocean_menu_social_hover_links_color":"","ocean_disable_title":"default","ocean_disable_heading":"default","ocean_post_title":"","ocean_post_subheading":"","ocean_post_title_style":"","ocean_post_title_background_color":"","ocean_post_title_background":0,"ocean_post_title_bg_image_position":"","ocean_post_title_bg_image_attachment":"","ocean_post_title_bg_image_repeat":"","ocean_post_title_bg_image_size":"","ocean_post_title_height":0,"ocean_post_title_bg_overlay":0.5,"ocean_post_title_bg_overlay_color":"","ocean_disable_breadcrumbs":"default","ocean_breadcrumbs_color":"","ocean_breadcrumbs_separator_color":"","ocean_breadcrumbs_links_color":"","ocean_breadcrumbs_links_hover_color":"","ocean_display_footer_widgets":"default","ocean_display_footer_bottom":"default","ocean_custom_footer_template":"0","footnotes":""},"class_list":["post-484","page","type-page","status-publish","hentry","entry"],"_links":{"self":[{"href":"https:\/\/www.le-cufe.judo-universite-grenoble.fr\/index.php\/wp-json\/wp\/v2\/pages\/484","targetHints":{"allow":["GET"]}}],"collection":[{"href":"https:\/\/www.le-cufe.judo-universite-grenoble.fr\/index.php\/wp-json\/wp\/v2\/pages"}],"about":[{"href":"https:\/\/www.le-cufe.judo-universite-grenoble.fr\/index.php\/wp-json\/wp\/v2\/types\/page"}],"author":[{"embeddable":true,"href":"https:\/\/www.le-cufe.judo-universite-grenoble.fr\/index.php\/wp-json\/wp\/v2\/users\/1"}],"replies":[{"embeddable":true,"href":"https:\/\/www.le-cufe.judo-universite-grenoble.fr\/index.php\/wp-json\/wp\/v2\/comments?post=484"}],"version-history":[{"count":22,"href":"https:\/\/www.le-cufe.judo-universite-grenoble.fr\/index.php\/wp-json\/wp\/v2\/pages\/484\/revisions"}],"predecessor-version":[{"id":1976,"href":"https:\/\/www.le-cufe.judo-universite-grenoble.fr\/index.php\/wp-json\/wp\/v2\/pages\/484\/revisions\/1976"}],"wp:attachment":[{"href":"https:\/\/www.le-cufe.judo-universite-grenoble.fr\/index.php\/wp-json\/wp\/v2\/media?parent=484"}],"curies":[{"name":"wp","href":"https:\/\/api.w.org\/{rel}","templated":true}]}}