{"id":482,"date":"2019-02-11T09:08:21","date_gmt":"2019-02-11T08:08:21","guid":{"rendered":"http:\/\/www.le-cufe.judo-universite-grenoble.fr\/?page_id=482"},"modified":"2026-01-21T14:27:56","modified_gmt":"2026-01-21T13:27:56","slug":"suivi-medical-et-social","status":"publish","type":"page","link":"https:\/\/www.le-cufe.judo-universite-grenoble.fr\/index.php\/suivi-medical-et-social\/","title":{"rendered":"Suivi social"},"content":{"rendered":"\t\t<div data-elementor-type=\"wp-post\" data-elementor-id=\"482\" class=\"elementor elementor-482\">\n\t\t\t\t\t\t<section class=\"elementor-section elementor-top-section elementor-element elementor-element-64a8743 elementor-section-boxed elementor-section-height-default elementor-section-height-default\" data-id=\"64a8743\" data-element_type=\"section\" data-e-type=\"section\">\n\t\t\t\t\t\t<div class=\"elementor-container elementor-column-gap-default\">\n\t\t\t\t\t<div class=\"elementor-column elementor-col-100 elementor-top-column elementor-element elementor-element-c25b4de\" data-id=\"c25b4de\" data-element_type=\"column\" data-e-type=\"column\">\n\t\t\t<div class=\"elementor-widget-wrap elementor-element-populated\">\n\t\t\t\t\t\t<div class=\"elementor-element elementor-element-bf16aab elementor-widget elementor-widget-text-editor\" data-id=\"bf16aab\" data-element_type=\"widget\" data-e-type=\"widget\" data-widget_type=\"text-editor.default\">\n\t\t\t\t<div class=\"elementor-widget-container\">\n\t\t\t\t\t\t\t\t\t<ul><li style=\"list-style-type: none;\"><ul><li><strong>Afin de faciliter les d\u00e9placements et l\u2019h\u00e9bergement sur Grenoble,<\/strong> un certain nombre de chambres universitaires situ\u00e9es sur le campus sont r\u00e9serv\u00e9es pour les sportifs de haut niveau. Il s\u2019agit ainsi en parall\u00e8le de son inscription sur le serveur national pour les \u00e9tudes sup\u00e9rieures Postbac de faire la demande aupr\u00e8s du C.R.O.U.S. en ce sens pour la rentr\u00e9e suivante. <strong>La d\u00e9livrance de ces chambres est donc ind\u00e9pendante des ressources parentales;<\/strong><\/li><li>Pour plus d\u2019informations : <a href=\"https:\/\/www.le-cufe.judo-universite-grenoble.fr\/wp-content\/uploads\/2025\/10\/Procedure-logements-CROUS-ESHN-diffusion.pptx\"><span style=\"text-decoration: underline;\"><em><strong>Demande chambres CROUS<\/strong><\/em><\/span><\/a><\/li><li>Pour plus d&rsquo;informations et en cas de besoin, n&rsquo;h\u00e9sitez pas \u00e0 rentrer en contact avec Service des Publics \u00e0 Besoin Sp\u00e9cifique en envoyant un mail \u00e0 cette adresse : <a class=\"mailto c_liens\" title=\"publics-besoins-specifiques@univ-grenoble-alpes.fr\" href=\"mailto:publics-besoins-specifiques%40univ-grenoble-alpes%2Efr?Subject=&amp;body=\"><strong>publics-besoins-specifiques@univ-grenoble-alpes.fr<\/strong><\/a><br \/>ou au 04 76 74 80 17 du lundi au vendredi de 8h30 \u00e0 12h30 et de 13h30 \u00e0 17h. Ferm\u00e9 le mercredi apr\u00e8s-midi<\/li><\/ul><\/li><\/ul>\t\t\t\t\t\t\t\t<\/div>\n\t\t\t\t<\/div>\n\t\t\t\t\t<\/div>\n\t\t<\/div>\n\t\t\t\t\t<\/div>\n\t\t<\/section>\n\t\t\t\t<\/div>\n\t\t","protected":false},"excerpt":{"rendered":"<p>Afin de faciliter les d\u00e9placements et l\u2019h\u00e9bergement sur Grenoble, un certain nombre de chambres universitaires situ\u00e9es sur le campus sont r\u00e9serv\u00e9es pour les sportifs de haut niveau. Il s\u2019agit ainsi en parall\u00e8le de son inscription sur le serveur national pour les \u00e9tudes sup\u00e9rieures Postbac de faire la demande aupr\u00e8s du C.R.O.U.S. en ce sens pour [&hellip;]<\/p>\n","protected":false},"author":1,"featured_media":0,"parent":0,"menu_order":0,"comment_status":"closed","ping_status":"closed","template":"","meta":{"ocean_post_layout":"","ocean_both_sidebars_style":"","ocean_both_sidebars_content_width":0,"ocean_both_sidebars_sidebars_width":0,"ocean_sidebar":"0","ocean_second_sidebar":"0","ocean_disable_margins":"enable","ocean_add_body_class":"","ocean_shortcode_before_top_bar":"","ocean_shortcode_after_top_bar":"","ocean_shortcode_before_header":"","ocean_shortcode_after_header":"","ocean_has_shortcode":"","ocean_shortcode_after_title":"","ocean_shortcode_before_footer_widgets":"","ocean_shortcode_after_footer_widgets":"","ocean_shortcode_before_footer_bottom":"","ocean_shortcode_after_footer_bottom":"","ocean_display_top_bar":"default","ocean_display_header":"default","ocean_header_style":"","ocean_center_header_left_menu":"0","ocean_custom_header_template":"0","ocean_custom_logo":0,"ocean_custom_retina_logo":0,"ocean_custom_logo_max_width":0,"ocean_custom_logo_tablet_max_width":0,"ocean_custom_logo_mobile_max_width":0,"ocean_custom_logo_max_height":0,"ocean_custom_logo_tablet_max_height":0,"ocean_custom_logo_mobile_max_height":0,"ocean_header_custom_menu":"0","ocean_menu_typo_font_family":"0","ocean_menu_typo_font_subset":"","ocean_menu_typo_font_size":0,"ocean_menu_typo_font_size_tablet":0,"ocean_menu_typo_font_size_mobile":0,"ocean_menu_typo_font_size_unit":"px","ocean_menu_typo_font_weight":"","ocean_menu_typo_font_weight_tablet":"","ocean_menu_typo_font_weight_mobile":"","ocean_menu_typo_transform":"","ocean_menu_typo_transform_tablet":"","ocean_menu_typo_transform_mobile":"","ocean_menu_typo_line_height":0,"ocean_menu_typo_line_height_tablet":0,"ocean_menu_typo_line_height_mobile":0,"ocean_menu_typo_line_height_unit":"","ocean_menu_typo_spacing":0,"ocean_menu_typo_spacing_tablet":0,"ocean_menu_typo_spacing_mobile":0,"ocean_menu_typo_spacing_unit":"","ocean_menu_link_color":"","ocean_menu_link_color_hover":"","ocean_menu_link_color_active":"","ocean_menu_link_background":"","ocean_menu_link_hover_background":"","ocean_menu_link_active_background":"","ocean_menu_social_links_bg":"","ocean_menu_social_hover_links_bg":"","ocean_menu_social_links_color":"","ocean_menu_social_hover_links_color":"","ocean_disable_title":"default","ocean_disable_heading":"default","ocean_post_title":"","ocean_post_subheading":"","ocean_post_title_style":"","ocean_post_title_background_color":"","ocean_post_title_background":0,"ocean_post_title_bg_image_position":"","ocean_post_title_bg_image_attachment":"","ocean_post_title_bg_image_repeat":"","ocean_post_title_bg_image_size":"","ocean_post_title_height":0,"ocean_post_title_bg_overlay":0.5,"ocean_post_title_bg_overlay_color":"","ocean_disable_breadcrumbs":"default","ocean_breadcrumbs_color":"","ocean_breadcrumbs_separator_color":"","ocean_breadcrumbs_links_color":"","ocean_breadcrumbs_links_hover_color":"","ocean_display_footer_widgets":"default","ocean_display_footer_bottom":"default","ocean_custom_footer_template":"0","footnotes":""},"class_list":["post-482","page","type-page","status-publish","hentry","entry"],"_links":{"self":[{"href":"https:\/\/www.le-cufe.judo-universite-grenoble.fr\/index.php\/wp-json\/wp\/v2\/pages\/482","targetHints":{"allow":["GET"]}}],"collection":[{"href":"https:\/\/www.le-cufe.judo-universite-grenoble.fr\/index.php\/wp-json\/wp\/v2\/pages"}],"about":[{"href":"https:\/\/www.le-cufe.judo-universite-grenoble.fr\/index.php\/wp-json\/wp\/v2\/types\/page"}],"author":[{"embeddable":true,"href":"https:\/\/www.le-cufe.judo-universite-grenoble.fr\/index.php\/wp-json\/wp\/v2\/users\/1"}],"replies":[{"embeddable":true,"href":"https:\/\/www.le-cufe.judo-universite-grenoble.fr\/index.php\/wp-json\/wp\/v2\/comments?post=482"}],"version-history":[{"count":34,"href":"https:\/\/www.le-cufe.judo-universite-grenoble.fr\/index.php\/wp-json\/wp\/v2\/pages\/482\/revisions"}],"predecessor-version":[{"id":2612,"href":"https:\/\/www.le-cufe.judo-universite-grenoble.fr\/index.php\/wp-json\/wp\/v2\/pages\/482\/revisions\/2612"}],"wp:attachment":[{"href":"https:\/\/www.le-cufe.judo-universite-grenoble.fr\/index.php\/wp-json\/wp\/v2\/media?parent=482"}],"curies":[{"name":"wp","href":"https:\/\/api.w.org\/{rel}","templated":true}]}}