{"id":479,"date":"2019-02-11T09:08:07","date_gmt":"2019-02-11T08:08:07","guid":{"rendered":"http:\/\/www.le-cufe.judo-universite-grenoble.fr\/?page_id=479"},"modified":"2026-02-08T20:10:30","modified_gmt":"2026-02-08T19:10:30","slug":"suivi-scolarite","status":"publish","type":"page","link":"https:\/\/www.le-cufe.judo-universite-grenoble.fr\/index.php\/suivi-scolarite\/","title":{"rendered":"Suivi scolarit\u00e9"},"content":{"rendered":"\t\t<div data-elementor-type=\"wp-post\" data-elementor-id=\"479\" class=\"elementor elementor-479\">\n\t\t\t\t\t\t<section class=\"elementor-section elementor-top-section elementor-element elementor-element-e35b197 elementor-section-boxed elementor-section-height-default elementor-section-height-default\" data-id=\"e35b197\" data-element_type=\"section\" data-e-type=\"section\">\n\t\t\t\t\t\t<div class=\"elementor-container elementor-column-gap-default\">\n\t\t\t\t\t<div class=\"elementor-column elementor-col-100 elementor-top-column elementor-element elementor-element-0234f15\" data-id=\"0234f15\" data-element_type=\"column\" data-e-type=\"column\">\n\t\t\t<div class=\"elementor-widget-wrap elementor-element-populated\">\n\t\t\t\t\t\t<div class=\"elementor-element elementor-element-6ccbcf9 elementor-widget elementor-widget-text-editor\" data-id=\"6ccbcf9\" data-element_type=\"widget\" data-e-type=\"widget\" data-widget_type=\"text-editor.default\">\n\t\t\t\t<div class=\"elementor-widget-container\">\n\t\t\t\t\t\t\t\t\t<h4><a title=\"Permalink to Les Universit\u00e9s et grandes Ecoles\" href=\"http:\/\/dev.judo-universite-grenoble.fr\/les-universites\/\" rel=\"bookmark\">Les Universit\u00e9s et grandes Ecoles<\/a><\/h4>\t\t\t\t\t\t\t\t<\/div>\n\t\t\t\t<\/div>\n\t\t\t\t\t<\/div>\n\t\t<\/div>\n\t\t\t\t\t<\/div>\n\t\t<\/section>\n\t\t\t\t<section class=\"elementor-section elementor-top-section elementor-element elementor-element-f02a4c9 elementor-section-boxed elementor-section-height-default elementor-section-height-default\" data-id=\"f02a4c9\" data-element_type=\"section\" data-e-type=\"section\">\n\t\t\t\t\t\t<div class=\"elementor-container elementor-column-gap-default\">\n\t\t\t\t\t<div class=\"elementor-column elementor-col-25 elementor-top-column elementor-element elementor-element-caed5fa\" data-id=\"caed5fa\" data-element_type=\"column\" data-e-type=\"column\">\n\t\t\t<div class=\"elementor-widget-wrap elementor-element-populated\">\n\t\t\t\t\t\t<div class=\"elementor-element elementor-element-0f891bb elementor-widget elementor-widget-text-editor\" data-id=\"0f891bb\" data-element_type=\"widget\" data-e-type=\"widget\" data-widget_type=\"text-editor.default\">\n\t\t\t\t<div class=\"elementor-widget-container\">\n\t\t\t\t\t\t\t\t\t<div class=\"gk-columns\" data-column-count=\"3\"><div><a href=\"http:\/\/dev.judo-universite-grenoble.fr\/wp-content\/uploads\/2019\/02\/images.png\"><img decoding=\"async\" class=\"alignnone size-full wp-image-425\" src=\"http:\/\/dev.judo-universite-grenoble.fr\/wp-content\/uploads\/2019\/02\/images.png\" sizes=\"(max-width: 200px) 100vw, 200px\" srcset=\"http:\/\/dev.judo-universite-grenoble.fr\/wp-content\/uploads\/2019\/02\/images.png 200w, http:\/\/dev.judo-universite-grenoble.fr\/wp-content\/uploads\/2019\/02\/images-150x150.png 150w\" alt=\"\" width=\"200\" height=\"200\" \/><\/a><\/div><div><p><strong>Grenoble INP<\/strong><br \/><em>\u00c9coles d\u2019Ing\u00e9nieurs<br \/><\/em><\/p><p><a href=\"http:\/\/www.grenoble-inp.fr\"><em><span style=\"text-decoration: underline;\"><strong>Grenoble INP<\/strong><\/span><\/em><\/a><\/p><p>Avenue F\u00e9lix Viallet<br \/>38000 Grenoble<\/p><p>T\u00e9l : 04 76 57 45 00<\/p><\/div><div><p>Enseignant d\u2019EPS coordonnateur haut-niveau : Fabien STANGE<br \/>T\u00e9l : 04 76 82 63 86 ou 06 71 70 95 04<br \/>Email : fabien.stange@inpg.fr<\/p><p>entretien sur rendez-vous au BDS de Grenoble INP :<br \/><a href=\"http:\/\/sports.grenoble-inp.fr\/haut-niveau\/le-sport-de-haut-niveau-221080.kjsp\"><span style=\"text-decoration: underline;\"><em><strong>site sp\u00e9cifique haut niveau Grenoble INP<\/strong><\/em><\/span><\/a><\/p><\/div><\/div>\t\t\t\t\t\t\t\t<\/div>\n\t\t\t\t<\/div>\n\t\t\t\t\t<\/div>\n\t\t<\/div>\n\t\t\t\t<div class=\"elementor-column elementor-col-25 elementor-top-column elementor-element elementor-element-8e4410a\" data-id=\"8e4410a\" data-element_type=\"column\" data-e-type=\"column\">\n\t\t\t<div class=\"elementor-widget-wrap elementor-element-populated\">\n\t\t\t\t\t\t<div class=\"elementor-element elementor-element-b0dea53 elementor-widget elementor-widget-text-editor\" data-id=\"b0dea53\" data-element_type=\"widget\" data-e-type=\"widget\" data-widget_type=\"text-editor.default\">\n\t\t\t\t<div class=\"elementor-widget-container\">\n\t\t\t\t\t\t\t\t\t<div><img fetchpriority=\"high\" decoding=\"async\" src=\"http:\/\/www.le-cufe.judo-universite-grenoble.fr\/wp-content\/uploads\/2020\/05\/logo-uga-300x197.jpg\" alt=\"\" width=\"300\" height=\"197\" \/><\/div><div><p><strong>Universit\u00e9 Grenoble Alpes<\/strong><br \/><em>Sciences, Technologies et Sant\u00e9, <\/em><em>Sciences Sociales et Humaines, Langues et Communication<br \/><\/em><\/p><p><a href=\"https:\/\/www.univ-grenoble-alpes.fr\/\"><span style=\"text-decoration: underline;\"><em><strong>UGA<\/strong><\/em><\/span><\/a><\/p><p>621, avenue Centrale<br \/>38400 Saint Martin d\u2019H\u00e8res<\/p><p>T\u00e9l : 04.76.51.44.09<\/p><\/div><div><p>Directeur du DSHN : Philippe GIROUD<br \/>Email : philippe.giroud@univ-grenoble-alpes.fr<\/p><p>Enseignant d\u2019EPS coordonnateur haut-niveau fili\u00e8res scientifiques, non s\u00e9lectives, droit, \u00e9conomie, institut urbanisme et INSPE<br \/>Muriel Jaquier-Sarlin,<br \/>Email : muriel.jaquier-sarlin@univ-grenoble-alpes.fr<\/p><\/div><p>Enseignant d\u2019EPS coordonnateur haut-niveau fili\u00e8res sant\u00e9, IUT, SHS, LEA, ASH, langues, lettres et arts du spectacle, information et communication<br \/>Karine COUTURIER<br \/>Email : karine.couturier@univ-grenoble-alpes.fr<\/p><div><p>Enseignant d\u2019EPS coordonnateur haut-niveau STAPS :<br \/>Luc DESCHAMPS<br \/>Email : luc.deschamps@univ-grenoble-alpes.fr<\/p><\/div><div><a href=\"https:\/\/www.univ-grenoble-alpes.fr\/formation\/modalites-de-formation\/amenagement-d-etudes-pour-les-etudiants-a-besoins-specifiques\/vous-etes-sportif-de-haut-niveau\/etudiants-sportifs-de-haut-niveau-859276.kjsp\"><span style=\"text-decoration: underline;\"><em><strong>site sp\u00e9cifique haut niveau UGA<\/strong><\/em><\/span><\/a><\/div>\t\t\t\t\t\t\t\t<\/div>\n\t\t\t\t<\/div>\n\t\t\t\t\t<\/div>\n\t\t<\/div>\n\t\t\t\t<div class=\"elementor-column elementor-col-25 elementor-top-column elementor-element elementor-element-a3fcd05\" data-id=\"a3fcd05\" data-element_type=\"column\" data-e-type=\"column\">\n\t\t\t<div class=\"elementor-widget-wrap elementor-element-populated\">\n\t\t\t\t\t\t<div class=\"elementor-element elementor-element-244c1c3 elementor-widget elementor-widget-text-editor\" data-id=\"244c1c3\" data-element_type=\"widget\" data-e-type=\"widget\" data-widget_type=\"text-editor.default\">\n\t\t\t\t<div class=\"elementor-widget-container\">\n\t\t\t\t\t\t\t\t\t<div><a href=\"http:\/\/dev.judo-universite-grenoble.fr\/wp-content\/uploads\/2019\/02\/IEP.png\"><img decoding=\"async\" class=\"alignnone size-medium wp-image-424\" src=\"http:\/\/dev.judo-universite-grenoble.fr\/wp-content\/uploads\/2019\/02\/IEP-300x124.png\" sizes=\"(max-width: 300px) 100vw, 300px\" srcset=\"http:\/\/dev.judo-universite-grenoble.fr\/wp-content\/uploads\/2019\/02\/IEP-300x124.png 300w, http:\/\/dev.judo-universite-grenoble.fr\/wp-content\/uploads\/2019\/02\/IEP.png 425w\" alt=\"\" width=\"300\" height=\"124\" \/><\/a><\/div><div><p><strong>Institut d\u2019Etudes Politiques<\/strong><br \/><em><br \/><\/em><\/p><p><a href=\"https:\/\/www.univ-grenoble-alpes.fr\/\"><span style=\"text-decoration: underline;\"><em><strong>Sciences Po. Grenoble<\/strong><\/em><\/span><\/a><\/p><p>1030 Avenue Centrale,<br \/>38400 Saint Martin d\u2019H\u00e8res<\/p><\/div><div><p>Coordonnatrice haut-niveau<\/p><p>Caroline BRAY<br \/>Email : <span id=\"OBJ_PREFIX_DWT4579_ZmEmailObjectHandler\" class=\"Object\" role=\"link\"><span id=\"OBJ_PREFIX_DWT4587_ZmEmailObjectHandler\" class=\"Object\" role=\"link\"><a class=\"mailto\" href=\"mailto:vp-vie-etudiante%40iepg%2Efr\" target=\"_blank\" rel=\"nofollow noopener noreferrer\">vp-vie-etudiante@iepg.fr<\/a><\/span><\/span><\/p><p><a href=\"https:\/\/www.sciencespo-grenoble.fr\/vie-etudiante\/sport#2457\"><span style=\"text-decoration: underline;\"><em><strong>site sp\u00e9cifique haut niveau IEP<\/strong><\/em><\/span><\/a><\/p><\/div>\t\t\t\t\t\t\t\t<\/div>\n\t\t\t\t<\/div>\n\t\t\t\t\t<\/div>\n\t\t<\/div>\n\t\t\t\t<div class=\"elementor-column elementor-col-25 elementor-top-column elementor-element elementor-element-5511324\" data-id=\"5511324\" data-element_type=\"column\" data-e-type=\"column\">\n\t\t\t<div class=\"elementor-widget-wrap elementor-element-populated\">\n\t\t\t\t\t\t<div class=\"elementor-element elementor-element-12d0fdb elementor-widget elementor-widget-text-editor\" data-id=\"12d0fdb\" data-element_type=\"widget\" data-e-type=\"widget\" data-widget_type=\"text-editor.default\">\n\t\t\t\t<div class=\"elementor-widget-container\">\n\t\t\t\t\t\t\t\t\t<div><div><a href=\"http:\/\/dev.judo-universite-grenoble.fr\/wp-content\/uploads\/2019\/02\/ENSAG.png\"><img loading=\"lazy\" decoding=\"async\" class=\"alignnone wp-image-423\" src=\"http:\/\/dev.judo-universite-grenoble.fr\/wp-content\/uploads\/2019\/02\/ENSAG-300x192.png\" sizes=\"(max-width: 194px) 100vw, 194px\" srcset=\"http:\/\/dev.judo-universite-grenoble.fr\/wp-content\/uploads\/2019\/02\/ENSAG-300x192.png 300w, http:\/\/dev.judo-universite-grenoble.fr\/wp-content\/uploads\/2019\/02\/ENSAG-768x491.png 768w, http:\/\/dev.judo-universite-grenoble.fr\/wp-content\/uploads\/2019\/02\/ENSAG-1024x655.png 1024w\" alt=\"\" width=\"194\" height=\"124\" \/><\/a><\/div><div><p><strong>Ecole Nationale Sup\u00e9rieure d\u2019Architecture de Grenoble<\/strong><br \/><em><br \/><\/em><\/p><p><a href=\"http:\/\/www.grenoble.archi.fr\/\"><span style=\"text-decoration: underline;\"><em><strong>ENSAG<\/strong><\/em><\/span><\/a><\/p><p>60 avenue de Constantine<br \/>38036 Grenoble cedex 2<\/p><p>T\u00e9l : 04 76 69 83 00<\/p><\/div><div>Enseignant d\u2019\u0092EPS coordonnateur haut-niveau : Philippe GIROUD<br \/>Email : philippe.giroud@univ-grenoble-alpes.fr<\/div><div>\u00a0<\/div><\/div><div><a href=\"https:\/\/www.grenoble.archi.fr\/etudiant-sportif-de-haut-niveau\/\"><em><strong>site sp\u00e9cifique haut niveau ENSAG<\/strong><\/em><\/a><\/div>\t\t\t\t\t\t\t\t<\/div>\n\t\t\t\t<\/div>\n\t\t\t\t\t<\/div>\n\t\t<\/div>\n\t\t\t\t\t<\/div>\n\t\t<\/section>\n\t\t\t\t<section class=\"elementor-section elementor-top-section elementor-element elementor-element-8d651c6 elementor-section-boxed elementor-section-height-default elementor-section-height-default\" data-id=\"8d651c6\" data-element_type=\"section\" data-e-type=\"section\">\n\t\t\t\t\t\t<div class=\"elementor-container elementor-column-gap-default\">\n\t\t\t\t\t<div class=\"elementor-column elementor-col-100 elementor-top-column elementor-element elementor-element-9a9372a\" data-id=\"9a9372a\" data-element_type=\"column\" data-e-type=\"column\">\n\t\t\t<div class=\"elementor-widget-wrap elementor-element-populated\">\n\t\t\t\t\t\t<div class=\"elementor-element elementor-element-8a3b11c elementor-widget-divider--view-line elementor-widget elementor-widget-divider\" data-id=\"8a3b11c\" data-element_type=\"widget\" data-e-type=\"widget\" data-widget_type=\"divider.default\">\n\t\t\t\t<div class=\"elementor-widget-container\">\n\t\t\t\t\t\t\t<div class=\"elementor-divider\">\n\t\t\t<span class=\"elementor-divider-separator\">\n\t\t\t\t\t\t<\/span>\n\t\t<\/div>\n\t\t\t\t\t\t<\/div>\n\t\t\t\t<\/div>\n\t\t\t\t<div class=\"elementor-element elementor-element-84533d8 elementor-widget elementor-widget-text-editor\" data-id=\"84533d8\" data-element_type=\"widget\" data-e-type=\"widget\" data-widget_type=\"text-editor.default\">\n\t\t\t\t<div class=\"elementor-widget-container\">\n\t\t\t\t\t\t\t\t\t<header><hgroup><h4><a title=\"Permalink to Accompagnement p\u00e9dagogique\" href=\"http:\/\/dev.judo-universite-grenoble.fr\/scolarite\/\" rel=\"bookmark\">Accompagnement p\u00e9dagogique<\/a><\/h4><\/hgroup><\/header><section class=\"content\">Bien entendu, <strong>l\u2019objectif<\/strong> tr\u00e8s clairement affich\u00e9 est <strong>la r\u00e9ussite des \u00e9tudes sup\u00e9rieures envisag\u00e9es<\/strong> par chaque \u00e9tudiant.\u00a0<p>\u00a0<\/p><p>Les universit\u00e9s de Grenoble ont d\u00e9velopp\u00e9s des moyens permettant d\u2019adapter au mieux les exigences universitaires (la possibilit\u00e9 pour chacun de <strong>r\u00e9aliser les \u00e9tudes de son choix<\/strong>) au regard des contraintes sportives.<\/p><p>Une tr\u00e8s grande vari\u00e9t\u00e9 de formations sont disponibles sur Grenoble. Les universit\u00e9s et grandes \u00e9coles essaient de r\u00e9pondre aux exigences des sportifs en mettant en place diff\u00e9rentes mesures d\u2019accompagnement, ceci en contrepartie d\u2019une implication certaine dans son projet universitaire.<\/p><div class=\"resume-fiche\">L\u2019\u00e9tudiant sportif de haut niveau signe un contrat de scolarit\u00e9 qui le lie \u00e0 son enseignant tuteur, son responsable sportif, et son r\u00e9f\u00e9rent SHN.<\/div><div>\u00a0<\/div><div class=\"resume-fiche\">L\u2019\u00e9tudiant sportif de haut niveau peut b\u00e9n\u00e9ficier de diff\u00e9rentes mesures qui lui facilitent le suivi de ses \u00e9tudes.<\/div><div class=\"resume-fiche\">\u00a0<\/div><div class=\"resume-fiche\"><span style=\"color: #ffffff; font-size: 17px; font-weight: 600;\">Suivi par un enseignant tuteur<\/span> <\/div><div class=\"resume-fiche\">\u00a0<\/div><p>Chaque \u00e9tudiant sportif de haut niveau est suivi par un enseignant tuteur de sa fili\u00e8re d\u2019\u00e9tude. L\u2019enseignant tuteur adapte les diff\u00e9rentes mesures dont peuvent b\u00e9n\u00e9ficier les \u00e9tudiant sportif de haut niveau aux besoins et possibilit\u00e9s de chacun : le suivi p\u00e9dagogique est donc individualis\u00e9. Pour cela, l\u2019enseignant tuteur favorise la relation entre l\u2019\u00e9tudiant sportif de haut niveau et l\u2019ensemble de l\u2019\u00e9quipe p\u00e9dagogique concern\u00e9e.<\/p><p>\u00a0<\/p><h4>\u00c9talement du cursus<\/h4><p>Pour beaucoup d\u2019\u00e9tudiants sportifs de haut niveau, le temps consacr\u00e9 \u00e0 la pratique sportive est trop important pour permettre de poursuivre sur une ann\u00e9e l\u2019ensemble des unit\u00e9s d\u2019enseignement (UE) au programme. Un \u00e9talement du cursus doit alors \u00eatre envisag\u00e9 pour permettre la r\u00e9ussite universitaire et sportive. Cet \u00e9talement est inscrit dans le contrat de scolarit\u00e9, il n\u2019est en aucun cas consid\u00e9r\u00e9 comme un redoublement. Il ne p\u00e9nalise donc pas l\u2019\u00e9tudiant pour une \u00e9ventuelle s\u00e9lection ult\u00e9rieure (\u00e9cole, master 2\u2026). Selon les exigences sportives, il peut \u00e9voluer au sein de chaque semestre par le positionnement \u00e9volutif des U.E.T. choisies<\/p><p>\u00a0<\/p><h4>Am\u00e9nagements d\u2019horaires<\/h4><p>L\u2019affectation prioritaire dans certains groupes de travaux dirig\u00e9s (TD) et de travaux pratiques (TP) doit permettre de rendre compatible, dans la mesure du possible, les contraintes li\u00e9es \u00e0 la pratique sportive (cr\u00e9neaux d\u2019entra\u00eenement, d\u00e9placement pour comp\u00e9tition) et la pr\u00e9sence en cours.<\/p><p>\u00a0<\/p><h4>Autorisation d\u2019absence<\/h4><p>Le statut d\u2019\u00e9tudiant sportif de haut niveau ne donne droit \u00e0 aucune absence a priori. Toutefois, certaines absences ne peuvent \u00eatre \u00e9vit\u00e9es : en cas d\u2019absence pr\u00e9visible, justifi\u00e9e par le calendrier sportif, l\u2019\u00e9tudiant pourra b\u00e9n\u00e9ficier d\u2019autorisations d\u2019absence. Il sera tenu d\u2019en informer son r\u00e9f\u00e9rent de composante et de lui remettre une convocation \u00e9manant d\u2019un organisme officiel. Dans ces conditions, l\u2019\u00e9tudiant sportif de haut niveau pourra alors s\u2019absenter des CM, TD ou TP. Il peut faire gratuitement des photocopies des enseignements manqu\u00e9s au secr\u00e9tariat du Comit\u00e9 interuniversitaire du sport de haut niveau (CIUSHN). Dans le cas o\u00f9 ces absences entra\u00eeneraient des difficult\u00e9s de compr\u00e9hension des cours, il pourra, sous certaines conditions, b\u00e9n\u00e9ficier de cours de soutien individualis\u00e9s ou en groupes tr\u00e8s restreints.<\/p><h4>\u00a0<\/h4><h4>Supports d\u2019enseignement \u00e0 distance<\/h4><p>Des ressources num\u00e9ris\u00e9es (constitu\u00e9es par des \u00e9tudiants preneurs de notes) et des ressources ponctuelles (enregistrement audio des cours, scan de notes de cours) et p\u00e9rennes (screencasts) sont cr\u00e9\u00e9es et mises \u00e0 disposition des \u00e9tudiants sportifs de haut niveau en cas d\u2019absences justifi\u00e9es pour raison sportive.<\/p><h4>\u00a0<\/h4><h4>Actions de soutien<\/h4><p>Chaque \u00e9tudiant SHN a droit \u00e0 un volume potentiel de soutien qui peut aller jusqu\u2019\u00e0\u00a0 20h par an. Le soutien est mis en oeuvre dans la limite de la disponibilit\u00e9 des enseignants et apr\u00e8s accord de l\u2019enseignant r\u00e9f\u00e9rent en composante. L\u2019organisation, la nature, le volume de ces soutiens d\u00e9pendent des besoins de la situation de chaque \u00e9tudiant sportif de haut niveau et n\u2019ont donc rien d\u2019automatique. Ces volumes peuvent \u00eatre revus chaque ann\u00e9e. Les \u00e9tudiants SHN peuvent \u00e9galement b\u00e9n\u00e9ficier d\u2019un tutorat m\u00e9thodologique et disciplinaire par des Emplois Etudiants embauch\u00e9s \u00e0 cet effet.<\/p><h4>\u00a0<\/h4><h4>Modalit\u00e9s d\u2019\u00e9valuation<\/h4><p>Des am\u00e9nagements des examens sont possibles. Les sessions d\u2019examens constituent des temps forts dans la vie de l\u2019universit\u00e9. \u00c0 ce titre, elles ne peuvent donner lieu qu\u2019exceptionnellement \u00e0 d\u00e9rogation, ne serait-ce qu\u2019au regard de l\u2019\u00e9galit\u00e9 entre \u00e9tudiants. Toutefois, si la session d\u2019examen ordinaire est organis\u00e9e en m\u00eame temps qu\u2019une contrainte sportive majeure (comp\u00e9tition, stage national\u2026), une session sp\u00e9ciale d\u2019examen peut \u00eatre programm\u00e9e par l\u2019enseignant tuteur et des enseignants de la fili\u00e8re. Les contr\u00f4les en cours de formation peuvent aussi \u00eatre am\u00e9nag\u00e9s pour tenir compte des contraintes sportives et des exigences universitaires.<\/p><p>Par ailleurs, certains \u00e9tudiants sportifs de haut niveau peuvent faire valoir dans leur parcours universitaire une note li\u00e9e \u00e0 leur pratique sportive de pr\u00e9dilection, dans le cadre du sport civil. Cette note est fonction de la liste \u00e0 laquelle ils appartiennent (principale ou compl\u00e9mentaire) et des r\u00e9sultats sportifs obtenus. Cette note est g\u00e9n\u00e9ralement comprise entre 15 et 20 sur 20.<\/p><p>Pour ce qui concerne les universit\u00e9s, \u00e9coles grenobloises conventionn\u00e9es et les diff\u00e9rents r\u00e9f\u00e9rents \u00e0 contacter : <a href=\"http:\/\/dev.judo-universite-grenoble.fr\/scolarite\/les-universites\/\">les universit\u00e9s<\/a><\/p><\/section>\t\t\t\t\t\t\t\t<\/div>\n\t\t\t\t<\/div>\n\t\t\t\t\t<\/div>\n\t\t<\/div>\n\t\t\t\t\t<\/div>\n\t\t<\/section>\n\t\t\t\t<\/div>\n\t\t","protected":false},"excerpt":{"rendered":"<p>Les Universit\u00e9s et grandes Ecoles Grenoble INP\u00c9coles d\u2019Ing\u00e9nieurs Grenoble INP Avenue F\u00e9lix Viallet38000 Grenoble T\u00e9l : 04 76 57 45 00 Enseignant d\u2019EPS coordonnateur haut-niveau : Fabien STANGET\u00e9l : 04 76 82 63 86 ou 06 71 70 95 04Email : fabien.stange@inpg.fr entretien sur rendez-vous au BDS de Grenoble INP :site sp\u00e9cifique haut niveau Grenoble [&hellip;]<\/p>\n","protected":false},"author":1,"featured_media":0,"parent":0,"menu_order":0,"comment_status":"closed","ping_status":"closed","template":"","meta":{"ocean_post_layout":"","ocean_both_sidebars_style":"","ocean_both_sidebars_content_width":0,"ocean_both_sidebars_sidebars_width":0,"ocean_sidebar":"0","ocean_second_sidebar":"0","ocean_disable_margins":"enable","ocean_add_body_class":"","ocean_shortcode_before_top_bar":"","ocean_shortcode_after_top_bar":"","ocean_shortcode_before_header":"","ocean_shortcode_after_header":"","ocean_has_shortcode":"","ocean_shortcode_after_title":"","ocean_shortcode_before_footer_widgets":"","ocean_shortcode_after_footer_widgets":"","ocean_shortcode_before_footer_bottom":"","ocean_shortcode_after_footer_bottom":"","ocean_display_top_bar":"default","ocean_display_header":"default","ocean_header_style":"","ocean_center_header_left_menu":"0","ocean_custom_header_template":"0","ocean_custom_logo":0,"ocean_custom_retina_logo":0,"ocean_custom_logo_max_width":0,"ocean_custom_logo_tablet_max_width":0,"ocean_custom_logo_mobile_max_width":0,"ocean_custom_logo_max_height":0,"ocean_custom_logo_tablet_max_height":0,"ocean_custom_logo_mobile_max_height":0,"ocean_header_custom_menu":"0","ocean_menu_typo_font_family":"0","ocean_menu_typo_font_subset":"","ocean_menu_typo_font_size":0,"ocean_menu_typo_font_size_tablet":0,"ocean_menu_typo_font_size_mobile":0,"ocean_menu_typo_font_size_unit":"px","ocean_menu_typo_font_weight":"","ocean_menu_typo_font_weight_tablet":"","ocean_menu_typo_font_weight_mobile":"","ocean_menu_typo_transform":"","ocean_menu_typo_transform_tablet":"","ocean_menu_typo_transform_mobile":"","ocean_menu_typo_line_height":0,"ocean_menu_typo_line_height_tablet":0,"ocean_menu_typo_line_height_mobile":0,"ocean_menu_typo_line_height_unit":"","ocean_menu_typo_spacing":0,"ocean_menu_typo_spacing_tablet":0,"ocean_menu_typo_spacing_mobile":0,"ocean_menu_typo_spacing_unit":"","ocean_menu_link_color":"","ocean_menu_link_color_hover":"","ocean_menu_link_color_active":"","ocean_menu_link_background":"","ocean_menu_link_hover_background":"","ocean_menu_link_active_background":"","ocean_menu_social_links_bg":"","ocean_menu_social_hover_links_bg":"","ocean_menu_social_links_color":"","ocean_menu_social_hover_links_color":"","ocean_disable_title":"default","ocean_disable_heading":"default","ocean_post_title":"","ocean_post_subheading":"","ocean_post_title_style":"","ocean_post_title_background_color":"","ocean_post_title_background":0,"ocean_post_title_bg_image_position":"","ocean_post_title_bg_image_attachment":"","ocean_post_title_bg_image_repeat":"","ocean_post_title_bg_image_size":"","ocean_post_title_height":0,"ocean_post_title_bg_overlay":0.5,"ocean_post_title_bg_overlay_color":"","ocean_disable_breadcrumbs":"default","ocean_breadcrumbs_color":"","ocean_breadcrumbs_separator_color":"","ocean_breadcrumbs_links_color":"","ocean_breadcrumbs_links_hover_color":"","ocean_display_footer_widgets":"default","ocean_display_footer_bottom":"default","ocean_custom_footer_template":"0","footnotes":""},"class_list":["post-479","page","type-page","status-publish","hentry","entry"],"_links":{"self":[{"href":"https:\/\/www.le-cufe.judo-universite-grenoble.fr\/index.php\/wp-json\/wp\/v2\/pages\/479","targetHints":{"allow":["GET"]}}],"collection":[{"href":"https:\/\/www.le-cufe.judo-universite-grenoble.fr\/index.php\/wp-json\/wp\/v2\/pages"}],"about":[{"href":"https:\/\/www.le-cufe.judo-universite-grenoble.fr\/index.php\/wp-json\/wp\/v2\/types\/page"}],"author":[{"embeddable":true,"href":"https:\/\/www.le-cufe.judo-universite-grenoble.fr\/index.php\/wp-json\/wp\/v2\/users\/1"}],"replies":[{"embeddable":true,"href":"https:\/\/www.le-cufe.judo-universite-grenoble.fr\/index.php\/wp-json\/wp\/v2\/comments?post=479"}],"version-history":[{"count":37,"href":"https:\/\/www.le-cufe.judo-universite-grenoble.fr\/index.php\/wp-json\/wp\/v2\/pages\/479\/revisions"}],"predecessor-version":[{"id":2620,"href":"https:\/\/www.le-cufe.judo-universite-grenoble.fr\/index.php\/wp-json\/wp\/v2\/pages\/479\/revisions\/2620"}],"wp:attachment":[{"href":"https:\/\/www.le-cufe.judo-universite-grenoble.fr\/index.php\/wp-json\/wp\/v2\/media?parent=479"}],"curies":[{"name":"wp","href":"https:\/\/api.w.org\/{rel}","templated":true}]}}