{"id":477,"date":"2019-02-11T09:07:48","date_gmt":"2019-02-11T08:07:48","guid":{"rendered":"http:\/\/www.le-cufe.judo-universite-grenoble.fr\/?page_id=477"},"modified":"2026-01-17T13:50:38","modified_gmt":"2026-01-17T12:50:38","slug":"suivi-sportif","status":"publish","type":"page","link":"https:\/\/www.le-cufe.judo-universite-grenoble.fr\/index.php\/suivi-sportif\/","title":{"rendered":"Suivi sportif"},"content":{"rendered":"\t\t<div data-elementor-type=\"wp-post\" data-elementor-id=\"477\" class=\"elementor elementor-477\">\n\t\t\t\t\t\t<section class=\"elementor-section elementor-top-section elementor-element elementor-element-db06a53 elementor-section-boxed elementor-section-height-default elementor-section-height-default\" data-id=\"db06a53\" data-element_type=\"section\" data-e-type=\"section\">\n\t\t\t\t\t\t<div class=\"elementor-container elementor-column-gap-default\">\n\t\t\t\t\t<div class=\"elementor-column elementor-col-100 elementor-top-column elementor-element elementor-element-3e560a7\" data-id=\"3e560a7\" data-element_type=\"column\" data-e-type=\"column\">\n\t\t\t<div class=\"elementor-widget-wrap elementor-element-populated\">\n\t\t\t\t\t\t<div class=\"elementor-element elementor-element-5497536 elementor-widget elementor-widget-text-editor\" data-id=\"5497536\" data-element_type=\"widget\" data-e-type=\"widget\" data-widget_type=\"text-editor.default\">\n\t\t\t\t<div class=\"elementor-widget-container\">\n\t\t\t\t\t\t\t\t\t<div class=\"elementor elementor-7\" data-elementor-type=\"post\" data-elementor-id=\"7\" data-elementor-settings=\"[]\"><div class=\"elementor-inner\"><div class=\"elementor-section-wrap\"><section class=\"elementor-element elementor-element-b491f64 elementor-section-boxed elementor-section-height-default elementor-section-height-default elementor-section elementor-top-section\" data-id=\"b491f64\" data-element_type=\"section\"><div class=\"elementor-container elementor-column-gap-default\"><div class=\"elementor-row\"><div class=\"elementor-element elementor-element-5fb797d4 elementor-column elementor-col-100 elementor-top-column\" data-id=\"5fb797d4\" data-element_type=\"column\"><div class=\"elementor-column-wrap elementor-element-populated\"><div class=\"elementor-widget-wrap\"><div class=\"elementor-element elementor-element-1d372769 elementor-widget elementor-widget-text-editor\" data-id=\"1d372769\" data-element_type=\"text-editor.default\"><div class=\"elementor-widget-container\"><div class=\"elementor-text-editor elementor-clearfix\"><h3>Objectifs Sportifs<\/h3><h5>\u00a0\u00a0\u00a0\u00a0 En terme de performance sportive : Atteindre son meilleur niveau possible en participant, se classant<\/h5><ul><li>au championnat de France F.F.J. 1\u00e8re division Seniors.<\/li><li>au championnat de France F.F.J. 2\u00e8me division Seniors.<\/li><li>au championnat de France F.F.J. Juniors.<\/li><li>au championnat de France F.F.S.U. Individuel et par Equipe d\u2019universit\u00e9<\/li><li>aux diff\u00e9rentes coupes d\u2019Europe ou championnats internationaux de sa cat\u00e9gorie d\u2019\u00e2ge<\/li><li>au championnat d&rsquo;Europe Universitaire<\/li><\/ul><h3>Moyens Sportifs<\/h3><h5>\u00a0\u00a0 Afin d\u2019atteindre son meilleur niveau sportif en poursuivant sa progression, sont organis\u00e9s :<\/h5><ul><li>des s\u00e9ances quotidiennes et bi quotidiennes sp\u00e9cifiques judo et de pr\u00e9paration physique assur\u00e9s par des intervenants reconnus dans leur domaine de comp\u00e9tence : <strong><a href=\"https:\/\/www.le-cufe.judo-universite-grenoble.fr\/wp-content\/uploads\/2025\/08\/ET-CUFE-Judo.pdf\">Emploi du temps Hebdomadaire 25-26<\/a><\/strong><\/li><li>des stages, tournois de pr\u00e9paration en vue des \u00e9ch\u00e9ances de la <u>s<\/u>aison sportive :<strong>\u00a0<a href=\"https:\/\/www.le-cufe.judo-universite-grenoble.fr\/wp-content\/uploads\/2026\/01\/Total-25-26-def.pdf\">Calendrier sportif 2025-26<\/a><\/strong><\/li><\/ul><\/div><\/div><\/div><\/div><\/div><\/div><\/div><\/div><\/section><\/div><\/div><\/div>\t\t\t\t\t\t\t\t<\/div>\n\t\t\t\t<\/div>\n\t\t\t\t\t<\/div>\n\t\t<\/div>\n\t\t\t\t\t<\/div>\n\t\t<\/section>\n\t\t\t\t<section class=\"elementor-section elementor-top-section elementor-element elementor-element-1b3517b elementor-section-boxed elementor-section-height-default elementor-section-height-default\" data-id=\"1b3517b\" data-element_type=\"section\" data-e-type=\"section\">\n\t\t\t\t\t\t<div class=\"elementor-container elementor-column-gap-default\">\n\t\t\t\t\t<div class=\"elementor-column elementor-col-25 elementor-top-column elementor-element elementor-element-601e13a\" data-id=\"601e13a\" data-element_type=\"column\" data-e-type=\"column\">\n\t\t\t<div class=\"elementor-widget-wrap elementor-element-populated\">\n\t\t\t\t\t\t<div class=\"elementor-element elementor-element-03ff891 elementor-widget elementor-widget-text-editor\" data-id=\"03ff891\" data-element_type=\"widget\" data-e-type=\"widget\" data-widget_type=\"text-editor.default\">\n\t\t\t\t<div class=\"elementor-widget-container\">\n\t\t\t\t\t\t\t\t\t<div>\n<h4>&nbsp;&nbsp;&nbsp;&nbsp;&nbsp;&nbsp;&nbsp;&nbsp;&nbsp; Bruno&nbsp; MURE<\/h4>\n<p>Professeur de Sport, Cadre Technique National de Judo, Responsable et Entraineur du P\u00f4le France de Grenoble , ancien International Senior<\/p>\n<\/div>\t\t\t\t\t\t\t\t<\/div>\n\t\t\t\t<\/div>\n\t\t\t\t<div class=\"elementor-element elementor-element-7b75584 elementor-widget elementor-widget-image\" data-id=\"7b75584\" data-element_type=\"widget\" data-e-type=\"widget\" data-widget_type=\"image.default\">\n\t\t\t\t<div class=\"elementor-widget-container\">\n\t\t\t\t\t\t\t\t\t\t\t\t\t\t\t<img decoding=\"async\" src=\"https:\/\/www.le-cufe.judo-universite-grenoble.fr\/wp-content\/uploads\/elementor\/thumbs\/IMG_20250917_165809091-scaled-rhsetp1rl2wau1cypxgpcvtnzslnbytsxlcnl2y4lg.jpg\" title=\"IMG_20250917_165809091\" alt=\"IMG_20250917_165809091\" loading=\"lazy\" \/>\t\t\t\t\t\t\t\t\t\t\t\t\t\t\t<\/div>\n\t\t\t\t<\/div>\n\t\t\t\t\t<\/div>\n\t\t<\/div>\n\t\t\t\t<div class=\"elementor-column elementor-col-25 elementor-top-column elementor-element elementor-element-ea6a9d1\" data-id=\"ea6a9d1\" data-element_type=\"column\" data-e-type=\"column\">\n\t\t\t<div class=\"elementor-widget-wrap elementor-element-populated\">\n\t\t\t\t\t\t<div class=\"elementor-element elementor-element-4a37cc6 elementor-widget elementor-widget-text-editor\" data-id=\"4a37cc6\" data-element_type=\"widget\" data-e-type=\"widget\" data-widget_type=\"text-editor.default\">\n\t\t\t\t<div class=\"elementor-widget-container\">\n\t\t\t\t\t\t\t\t\t<div><h4>\u00a0\u00a0\u00a0\u00a0\u00a0\u00a0\u00a0\u00a0\u00a0 Gilles BONHOMME<\/h4><p>Professeur de Sport, Cadre Technique National de Judo, Entraineur du P\u00f4le France de Grenoble , ancien International Senior, Double m\u00e9daill\u00e9 europ\u00e9en.<\/p><\/div>\t\t\t\t\t\t\t\t<\/div>\n\t\t\t\t<\/div>\n\t\t\t\t<div class=\"elementor-element elementor-element-b5a6c1f elementor-widget elementor-widget-image\" data-id=\"b5a6c1f\" data-element_type=\"widget\" data-e-type=\"widget\" data-widget_type=\"image.default\">\n\t\t\t\t<div class=\"elementor-widget-container\">\n\t\t\t\t\t\t\t\t\t\t\t\t\t\t\t<img decoding=\"async\" src=\"https:\/\/www.le-cufe.judo-universite-grenoble.fr\/wp-content\/uploads\/elementor\/thumbs\/IMG_20250917_165739211-scaled-rhsetm890ksfv7h26e8tneja7mzjovilx7e7592b44.jpg\" title=\"IMG_20250917_165739211\" alt=\"IMG_20250917_165739211\" loading=\"lazy\" \/>\t\t\t\t\t\t\t\t\t\t\t\t\t\t\t<\/div>\n\t\t\t\t<\/div>\n\t\t\t\t\t<\/div>\n\t\t<\/div>\n\t\t\t\t<div class=\"elementor-column elementor-col-25 elementor-top-column elementor-element elementor-element-e039420\" data-id=\"e039420\" data-element_type=\"column\" data-e-type=\"column\">\n\t\t\t<div class=\"elementor-widget-wrap elementor-element-populated\">\n\t\t\t\t\t\t<div class=\"elementor-element elementor-element-f11cc4d elementor-widget elementor-widget-text-editor\" data-id=\"f11cc4d\" data-element_type=\"widget\" data-e-type=\"widget\" data-widget_type=\"text-editor.default\">\n\t\t\t\t<div class=\"elementor-widget-container\">\n\t\t\t\t\t\t\t\t\t<div><h4>\u00a0\u00a0\u00a0\u00a0 Philippe MARTIN<\/h4><p>Enseignant sp\u00e9cialiste Judo \u00e0 l\u2019Universit\u00e9 Grenoble Alpes, D.E. Judo, plusieurs podiums nationaux, Responsable du C.U.F.E. Judo et Entraineur du P\u00f4le France de Grenoble<\/p><p><a href=\"http:\/\/dev.judo-universite-grenoble.fr\/wp-content\/uploads\/2012\/09\/JeanineVEILEX1.jpg\">\u00a0\u00a0\u00a0 <\/a><img decoding=\"async\" class=\"wp-image-1697 aligncenter\" src=\"http:\/\/www.le-cufe.judo-universite-grenoble.fr\/wp-content\/uploads\/2023\/06\/52383386410_42933becff_o-200x300.jpg\" alt=\"\" width=\"165\" height=\"248\" srcset=\"https:\/\/www.le-cufe.judo-universite-grenoble.fr\/wp-content\/uploads\/2023\/06\/52383386410_42933becff_o-200x300.jpg 200w, https:\/\/www.le-cufe.judo-universite-grenoble.fr\/wp-content\/uploads\/2023\/06\/52383386410_42933becff_o-683x1024.jpg 683w, https:\/\/www.le-cufe.judo-universite-grenoble.fr\/wp-content\/uploads\/2023\/06\/52383386410_42933becff_o-768x1152.jpg 768w, https:\/\/www.le-cufe.judo-universite-grenoble.fr\/wp-content\/uploads\/2023\/06\/52383386410_42933becff_o-1024x1536.jpg 1024w, https:\/\/www.le-cufe.judo-universite-grenoble.fr\/wp-content\/uploads\/2023\/06\/52383386410_42933becff_o.jpg 1067w\" sizes=\"(max-width: 165px) 100vw, 165px\" \/><\/p><\/div><div>\u00a0<\/div><div>\u00a0<\/div>\t\t\t\t\t\t\t\t<\/div>\n\t\t\t\t<\/div>\n\t\t\t\t\t<\/div>\n\t\t<\/div>\n\t\t\t\t<div class=\"elementor-column elementor-col-25 elementor-top-column elementor-element elementor-element-66411f7\" data-id=\"66411f7\" data-element_type=\"column\" data-e-type=\"column\">\n\t\t\t<div class=\"elementor-widget-wrap elementor-element-populated\">\n\t\t\t\t\t\t<div class=\"elementor-element elementor-element-f42a2b8 elementor-widget elementor-widget-text-editor\" data-id=\"f42a2b8\" data-element_type=\"widget\" data-e-type=\"widget\" data-widget_type=\"text-editor.default\">\n\t\t\t\t<div class=\"elementor-widget-container\">\n\t\t\t\t\t\t\t\t\t<div><h4>\u00a0\u00a0\u00a0\u00a0\u00a0\u00a0 Thibaud CELCE<\/h4><p>Masseur Kin\u00e9sith\u00e9rapeute D.E., dipl\u00f4m\u00e9 en Pr\u00e9paration Physique. Ancien membre du C.U.F.E. judo, podium national. Kin\u00e9 et Pr\u00e9parateur physique du C.U.F.E. et P\u00f4le France de Grenoble\u00a0\u00a0\u00a0<\/p><p>\u00a0\u00a0 <img decoding=\"async\" class=\"alignnone wp-image-1898\" src=\"http:\/\/www.le-cufe.judo-universite-grenoble.fr\/wp-content\/uploads\/2023\/10\/Photo-Sportlab-NB-199x300.jpg\" alt=\"\" width=\"158\" height=\"239\" srcset=\"https:\/\/www.le-cufe.judo-universite-grenoble.fr\/wp-content\/uploads\/2023\/10\/Photo-Sportlab-NB-199x300.jpg 199w, https:\/\/www.le-cufe.judo-universite-grenoble.fr\/wp-content\/uploads\/2023\/10\/Photo-Sportlab-NB-680x1024.jpg 680w, https:\/\/www.le-cufe.judo-universite-grenoble.fr\/wp-content\/uploads\/2023\/10\/Photo-Sportlab-NB-768x1157.jpg 768w, https:\/\/www.le-cufe.judo-universite-grenoble.fr\/wp-content\/uploads\/2023\/10\/Photo-Sportlab-NB-1020x1536.jpg 1020w, https:\/\/www.le-cufe.judo-universite-grenoble.fr\/wp-content\/uploads\/2023\/10\/Photo-Sportlab-NB.jpg 1296w\" sizes=\"(max-width: 158px) 100vw, 158px\" \/><\/p><\/div><div>\u00a0<\/div><div>\u00a0<\/div><div>\u00a0<\/div>\t\t\t\t\t\t\t\t<\/div>\n\t\t\t\t<\/div>\n\t\t\t\t\t<\/div>\n\t\t<\/div>\n\t\t\t\t\t<\/div>\n\t\t<\/section>\n\t\t\t\t<section class=\"elementor-section elementor-top-section elementor-element elementor-element-55541ee elementor-section-boxed elementor-section-height-default elementor-section-height-default\" data-id=\"55541ee\" data-element_type=\"section\" data-e-type=\"section\">\n\t\t\t\t\t\t<div class=\"elementor-container elementor-column-gap-default\">\n\t\t\t\t\t<div class=\"elementor-column elementor-col-25 elementor-top-column elementor-element elementor-element-6395b42\" data-id=\"6395b42\" data-element_type=\"column\" data-e-type=\"column\">\n\t\t\t<div class=\"elementor-widget-wrap elementor-element-populated\">\n\t\t\t\t\t\t<div class=\"elementor-element elementor-element-9ff6ceb elementor-widget elementor-widget-text-editor\" data-id=\"9ff6ceb\" data-element_type=\"widget\" data-e-type=\"widget\" data-widget_type=\"text-editor.default\">\n\t\t\t\t<div class=\"elementor-widget-container\">\n\t\t\t\t\t\t\t\t\t<div><h4>\u00a0\u00a0\u00a0\u00a0\u00a0\u00a0\u00a0\u00a0\u00a0 Ga\u00ebl MERMET<\/h4><p>Enseignant sp\u00e9cialiste Judo \u00e0 l\u2019Universit\u00e9 Grenoble Alpes (U.F.R.A.P.S.), D.E. Judo, plusieurs podiums nationaux.<\/p><h4>\u00a0\u00a0\u00a0\u00a0\u00a0 \u00a0\u00a0 \u00a0 <img decoding=\"async\" class=\"wp-image-1696 aligncenter\" src=\"http:\/\/www.le-cufe.judo-universite-grenoble.fr\/wp-content\/uploads\/2023\/06\/52383274084_5ae268c85e_o-200x300.jpg\" alt=\"\" width=\"168\" height=\"252\" srcset=\"https:\/\/www.le-cufe.judo-universite-grenoble.fr\/wp-content\/uploads\/2023\/06\/52383274084_5ae268c85e_o-200x300.jpg 200w, https:\/\/www.le-cufe.judo-universite-grenoble.fr\/wp-content\/uploads\/2023\/06\/52383274084_5ae268c85e_o-683x1024.jpg 683w, https:\/\/www.le-cufe.judo-universite-grenoble.fr\/wp-content\/uploads\/2023\/06\/52383274084_5ae268c85e_o-768x1152.jpg 768w, https:\/\/www.le-cufe.judo-universite-grenoble.fr\/wp-content\/uploads\/2023\/06\/52383274084_5ae268c85e_o-1024x1536.jpg 1024w, https:\/\/www.le-cufe.judo-universite-grenoble.fr\/wp-content\/uploads\/2023\/06\/52383274084_5ae268c85e_o.jpg 1067w\" sizes=\"(max-width: 168px) 100vw, 168px\" \/><\/h4><\/div>\t\t\t\t\t\t\t\t<\/div>\n\t\t\t\t<\/div>\n\t\t\t\t\t<\/div>\n\t\t<\/div>\n\t\t\t\t<div class=\"elementor-column elementor-col-25 elementor-top-column elementor-element elementor-element-6a57fec\" data-id=\"6a57fec\" data-element_type=\"column\" data-e-type=\"column\">\n\t\t\t<div class=\"elementor-widget-wrap elementor-element-populated\">\n\t\t\t\t\t\t<div class=\"elementor-element elementor-element-276aa53 elementor-widget elementor-widget-text-editor\" data-id=\"276aa53\" data-element_type=\"widget\" data-e-type=\"widget\" data-widget_type=\"text-editor.default\">\n\t\t\t\t<div class=\"elementor-widget-container\">\n\t\t\t\t\t\t\t\t\t<div class=\"elementor-widget-container\"><div class=\"elementor-text-editor elementor-clearfix elementor-inline-editing\" data-elementor-setting-key=\"editor\" data-elementor-inline-editing-toolbar=\"advanced\"><div><h4>\u00a0\u00a0\u00a0\u00a0\u00a0\u00a0\u00a0\u00a0 Yoann DUPRAZ<\/h4><p>Enseignant sp\u00e9cialiste Judo \u00e0 l\u2019Universit\u00e9 Grenoble Alpes (U.F.R.A.P.S.), D.E. Judo, Niveau national<\/p><\/div><\/div><\/div><div>\u00a0<\/div><div class=\"elementor-widget-container\"><div class=\"elementor-text-editor elementor-clearfix elementor-inline-editing\" data-elementor-setting-key=\"editor\" data-elementor-inline-editing-toolbar=\"advanced\"><div><p><img loading=\"lazy\" decoding=\"async\" class=\"wp-image-1695 aligncenter\" src=\"http:\/\/www.le-cufe.judo-universite-grenoble.fr\/wp-content\/uploads\/2023\/06\/52382022507_7e49923127_o-200x300.jpg\" alt=\"\" width=\"169\" height=\"254\" srcset=\"https:\/\/www.le-cufe.judo-universite-grenoble.fr\/wp-content\/uploads\/2023\/06\/52382022507_7e49923127_o-200x300.jpg 200w, https:\/\/www.le-cufe.judo-universite-grenoble.fr\/wp-content\/uploads\/2023\/06\/52382022507_7e49923127_o-683x1024.jpg 683w, https:\/\/www.le-cufe.judo-universite-grenoble.fr\/wp-content\/uploads\/2023\/06\/52382022507_7e49923127_o-768x1152.jpg 768w, https:\/\/www.le-cufe.judo-universite-grenoble.fr\/wp-content\/uploads\/2023\/06\/52382022507_7e49923127_o-1024x1536.jpg 1024w, https:\/\/www.le-cufe.judo-universite-grenoble.fr\/wp-content\/uploads\/2023\/06\/52382022507_7e49923127_o.jpg 1067w\" sizes=\"(max-width: 169px) 100vw, 169px\" \/><\/p><\/div><\/div><\/div><div>\u00a0<\/div><div>\u00a0<\/div>\t\t\t\t\t\t\t\t<\/div>\n\t\t\t\t<\/div>\n\t\t\t\t\t<\/div>\n\t\t<\/div>\n\t\t\t\t<div class=\"elementor-column elementor-col-25 elementor-top-column elementor-element elementor-element-265d3fa\" data-id=\"265d3fa\" data-element_type=\"column\" data-e-type=\"column\">\n\t\t\t<div class=\"elementor-widget-wrap elementor-element-populated\">\n\t\t\t\t\t\t<div class=\"elementor-element elementor-element-9477b35 elementor-widget elementor-widget-text-editor\" data-id=\"9477b35\" data-element_type=\"widget\" data-e-type=\"widget\" data-widget_type=\"text-editor.default\">\n\t\t\t\t<div class=\"elementor-widget-container\">\n\t\t\t\t\t\t\t\t\t<div><h4>\u00a0\u00a0\u00a0\u00a0\u00a0\u00a0\u00a0\u00a0\u00a0\u00a0\u00a0 Jeanine VEILEX<\/h4><p>Cadre Technique F\u00e9d\u00e9ral de la Ligue Auvergne Rh\u00f4ne Alpes de Judo, D.E.S. Judo, ancienne Internationale Espoir et S\u00e9nior.<\/p><p>\u00a0<\/p><p><img loading=\"lazy\" decoding=\"async\" class=\"alignnone wp-image-2595\" src=\"https:\/\/www.le-cufe.judo-universite-grenoble.fr\/wp-content\/uploads\/2026\/01\/IMG_20251008_185106735-225x300.jpg\" alt=\"\" width=\"188\" height=\"250\" srcset=\"https:\/\/www.le-cufe.judo-universite-grenoble.fr\/wp-content\/uploads\/2026\/01\/IMG_20251008_185106735-225x300.jpg 225w, https:\/\/www.le-cufe.judo-universite-grenoble.fr\/wp-content\/uploads\/2026\/01\/IMG_20251008_185106735-768x1024.jpg 768w, https:\/\/www.le-cufe.judo-universite-grenoble.fr\/wp-content\/uploads\/2026\/01\/IMG_20251008_185106735-1152x1536.jpg 1152w, https:\/\/www.le-cufe.judo-universite-grenoble.fr\/wp-content\/uploads\/2026\/01\/IMG_20251008_185106735-1536x2048.jpg 1536w, https:\/\/www.le-cufe.judo-universite-grenoble.fr\/wp-content\/uploads\/2026\/01\/IMG_20251008_185106735-scaled.jpg 1920w\" sizes=\"(max-width: 188px) 100vw, 188px\" \/><\/p><\/div>\t\t\t\t\t\t\t\t<\/div>\n\t\t\t\t<\/div>\n\t\t\t\t\t<\/div>\n\t\t<\/div>\n\t\t\t\t<div class=\"elementor-column elementor-col-25 elementor-top-column elementor-element elementor-element-41779d3\" data-id=\"41779d3\" data-element_type=\"column\" data-e-type=\"column\">\n\t\t\t<div class=\"elementor-widget-wrap elementor-element-populated\">\n\t\t\t\t\t\t<div class=\"elementor-element elementor-element-da3029d elementor-widget elementor-widget-text-editor\" data-id=\"da3029d\" data-element_type=\"widget\" data-e-type=\"widget\" data-widget_type=\"text-editor.default\">\n\t\t\t\t<div class=\"elementor-widget-container\">\n\t\t\t\t\t\t\t\t\t<div><h4>\u00a0\u00a0\u00a0\u00a0\u00a0\u00a0\u00a0\u00a0\u00a0\u00a0 Renaud MIKLER<\/h4><p>Cadre Sportif de la Ligue Auvergne Rh\u00f4ne Alpes de Judo, D.E. Judo, plusieurs podiums nationaux.<\/p><\/div><div>\u00a0<\/div>\t\t\t\t\t\t\t\t<\/div>\n\t\t\t\t<\/div>\n\t\t\t\t<div class=\"elementor-element elementor-element-b3e74fe elementor-widget elementor-widget-text-editor\" data-id=\"b3e74fe\" data-element_type=\"widget\" data-e-type=\"widget\" data-widget_type=\"text-editor.default\">\n\t\t\t\t<div class=\"elementor-widget-container\">\n\t\t\t\t\t\t\t\t\t<p><img loading=\"lazy\" decoding=\"async\" class=\"alignnone wp-image-2596\" src=\"https:\/\/www.le-cufe.judo-universite-grenoble.fr\/wp-content\/uploads\/2026\/01\/IMG_20260112_202118319-1-225x300.jpg\" alt=\"\" width=\"188\" height=\"250\" srcset=\"https:\/\/www.le-cufe.judo-universite-grenoble.fr\/wp-content\/uploads\/2026\/01\/IMG_20260112_202118319-1-225x300.jpg 225w, https:\/\/www.le-cufe.judo-universite-grenoble.fr\/wp-content\/uploads\/2026\/01\/IMG_20260112_202118319-1-768x1024.jpg 768w, https:\/\/www.le-cufe.judo-universite-grenoble.fr\/wp-content\/uploads\/2026\/01\/IMG_20260112_202118319-1-1152x1536.jpg 1152w, https:\/\/www.le-cufe.judo-universite-grenoble.fr\/wp-content\/uploads\/2026\/01\/IMG_20260112_202118319-1-1536x2048.jpg 1536w, https:\/\/www.le-cufe.judo-universite-grenoble.fr\/wp-content\/uploads\/2026\/01\/IMG_20260112_202118319-1-scaled.jpg 1920w\" sizes=\"(max-width: 188px) 100vw, 188px\" \/><\/p>\t\t\t\t\t\t\t\t<\/div>\n\t\t\t\t<\/div>\n\t\t\t\t\t<\/div>\n\t\t<\/div>\n\t\t\t\t\t<\/div>\n\t\t<\/section>\n\t\t\t\t<\/div>\n\t\t","protected":false},"excerpt":{"rendered":"<p>Objectifs Sportifs \u00a0\u00a0\u00a0\u00a0 En terme de performance sportive : Atteindre son meilleur niveau possible en participant, se classant au championnat de France F.F.J. 1\u00e8re division Seniors. au championnat de France F.F.J. 2\u00e8me division Seniors. au championnat de France F.F.J. Juniors. au championnat de France F.F.S.U. Individuel et par Equipe d\u2019universit\u00e9 aux diff\u00e9rentes coupes d\u2019Europe ou [&hellip;]<\/p>\n","protected":false},"author":1,"featured_media":0,"parent":0,"menu_order":0,"comment_status":"closed","ping_status":"closed","template":"","meta":{"ocean_post_layout":"","ocean_both_sidebars_style":"","ocean_both_sidebars_content_width":0,"ocean_both_sidebars_sidebars_width":0,"ocean_sidebar":"0","ocean_second_sidebar":"0","ocean_disable_margins":"enable","ocean_add_body_class":"","ocean_shortcode_before_top_bar":"","ocean_shortcode_after_top_bar":"","ocean_shortcode_before_header":"","ocean_shortcode_after_header":"","ocean_has_shortcode":"","ocean_shortcode_after_title":"","ocean_shortcode_before_footer_widgets":"","ocean_shortcode_after_footer_widgets":"","ocean_shortcode_before_footer_bottom":"","ocean_shortcode_after_footer_bottom":"","ocean_display_top_bar":"default","ocean_display_header":"default","ocean_header_style":"","ocean_center_header_left_menu":"0","ocean_custom_header_template":"0","ocean_custom_logo":0,"ocean_custom_retina_logo":0,"ocean_custom_logo_max_width":0,"ocean_custom_logo_tablet_max_width":0,"ocean_custom_logo_mobile_max_width":0,"ocean_custom_logo_max_height":0,"ocean_custom_logo_tablet_max_height":0,"ocean_custom_logo_mobile_max_height":0,"ocean_header_custom_menu":"0","ocean_menu_typo_font_family":"0","ocean_menu_typo_font_subset":"","ocean_menu_typo_font_size":0,"ocean_menu_typo_font_size_tablet":0,"ocean_menu_typo_font_size_mobile":0,"ocean_menu_typo_font_size_unit":"px","ocean_menu_typo_font_weight":"","ocean_menu_typo_font_weight_tablet":"","ocean_menu_typo_font_weight_mobile":"","ocean_menu_typo_transform":"","ocean_menu_typo_transform_tablet":"","ocean_menu_typo_transform_mobile":"","ocean_menu_typo_line_height":0,"ocean_menu_typo_line_height_tablet":0,"ocean_menu_typo_line_height_mobile":0,"ocean_menu_typo_line_height_unit":"","ocean_menu_typo_spacing":0,"ocean_menu_typo_spacing_tablet":0,"ocean_menu_typo_spacing_mobile":0,"ocean_menu_typo_spacing_unit":"","ocean_menu_link_color":"","ocean_menu_link_color_hover":"","ocean_menu_link_color_active":"","ocean_menu_link_background":"","ocean_menu_link_hover_background":"","ocean_menu_link_active_background":"","ocean_menu_social_links_bg":"","ocean_menu_social_hover_links_bg":"","ocean_menu_social_links_color":"","ocean_menu_social_hover_links_color":"","ocean_disable_title":"default","ocean_disable_heading":"default","ocean_post_title":"","ocean_post_subheading":"","ocean_post_title_style":"","ocean_post_title_background_color":"","ocean_post_title_background":0,"ocean_post_title_bg_image_position":"","ocean_post_title_bg_image_attachment":"","ocean_post_title_bg_image_repeat":"","ocean_post_title_bg_image_size":"","ocean_post_title_height":0,"ocean_post_title_bg_overlay":0.5,"ocean_post_title_bg_overlay_color":"","ocean_disable_breadcrumbs":"default","ocean_breadcrumbs_color":"","ocean_breadcrumbs_separator_color":"","ocean_breadcrumbs_links_color":"","ocean_breadcrumbs_links_hover_color":"","ocean_display_footer_widgets":"default","ocean_display_footer_bottom":"default","ocean_custom_footer_template":"0","footnotes":""},"class_list":["post-477","page","type-page","status-publish","hentry","entry"],"_links":{"self":[{"href":"https:\/\/www.le-cufe.judo-universite-grenoble.fr\/index.php\/wp-json\/wp\/v2\/pages\/477","targetHints":{"allow":["GET"]}}],"collection":[{"href":"https:\/\/www.le-cufe.judo-universite-grenoble.fr\/index.php\/wp-json\/wp\/v2\/pages"}],"about":[{"href":"https:\/\/www.le-cufe.judo-universite-grenoble.fr\/index.php\/wp-json\/wp\/v2\/types\/page"}],"author":[{"embeddable":true,"href":"https:\/\/www.le-cufe.judo-universite-grenoble.fr\/index.php\/wp-json\/wp\/v2\/users\/1"}],"replies":[{"embeddable":true,"href":"https:\/\/www.le-cufe.judo-universite-grenoble.fr\/index.php\/wp-json\/wp\/v2\/comments?post=477"}],"version-history":[{"count":156,"href":"https:\/\/www.le-cufe.judo-universite-grenoble.fr\/index.php\/wp-json\/wp\/v2\/pages\/477\/revisions"}],"predecessor-version":[{"id":2606,"href":"https:\/\/www.le-cufe.judo-universite-grenoble.fr\/index.php\/wp-json\/wp\/v2\/pages\/477\/revisions\/2606"}],"wp:attachment":[{"href":"https:\/\/www.le-cufe.judo-universite-grenoble.fr\/index.php\/wp-json\/wp\/v2\/media?parent=477"}],"curies":[{"name":"wp","href":"https:\/\/api.w.org\/{rel}","templated":true}]}}